{"id":2806,"date":"2026-03-25T12:33:38","date_gmt":"2026-03-25T12:33:38","guid":{"rendered":"https:\/\/whitecrowleather.com\/?post_type=product&#038;p=2806"},"modified":"2026-04-13T18:14:24","modified_gmt":"2026-04-13T18:14:24","slug":"monk-choker","status":"publish","type":"product","link":"https:\/\/whitecrowleather.com\/en\/product\/monk-choker\/","title":{"rendered":"Monk Choker \u2013 leather choker"},"content":{"rendered":"<p>One size: 28 to 33 cm<\/p>\n<p>Width: 1,5 cm<\/p>\n<p>\u2714\ufe0f Made of genuine, high-quality black leather, vegetable tanned (EU origin: Italy, Spain, Belgium, France).<br \/>\n\u2714\ufe0f Nickel-plated steel bucklework (EU origin: Italy).<br \/>\n\u2714\ufe0f Nickel-plated brass eyelets (EU origin: Italy).<br \/>\n\u2714\ufe0f Adjustable length thanks to its pin buckle system.<\/p>\n<p>\ud83d\udd90\ufe0f Handmade in France.<\/p>\n<p>\u2694\ufe0f Genuine leather is a noble, natural, strong and durable material that will develop a unique patina over the course of your adventures! Vegetable tanning is also environmentally friendly, while limiting the risk of allergies.<\/p>\n<p>\ud83d\udd25 What makes our products special? Special attention to detail: all our edges are worked and waxed to make them smooth, enhance their aesthetic appeal and promote wearing comfort.<\/p>\n<p>\ud83c\udf81 All our necklaces and bracelets are already delivered in an individual recycled satin pouch, which is why we do not offer gift wrapping.<\/p>\n<p>*** All applicable customs duties, taxes, and fees are the responsibility of the buyer. ***<\/p>","protected":false},"excerpt":{"rendered":"<p>This 1.5 cm wide choker combines elegance and precision, with ten 4 mm diameter eyelets distributed around its perimeter. The lines of the high-quality genuine black leather contrast with the circular cutouts set with polished, nickel-plated brass eyelets. Because mastery comes from repetition!<\/p>","protected":false},"featured_media":3300,"comment_status":"open","ping_status":"closed","template":"","meta":{"om_disable_all_campaigns":false,"_uag_custom_page_level_css":""},"product_brand":[],"product_cat":[54],"product_tag":[69],"class_list":{"0":"post-2806","1":"product","2":"type-product","3":"status-publish","4":"has-post-thumbnail","6":"product_cat-chokers","7":"product_tag-monk","9":"entry","10":"has-media","12":"first","13":"instock","14":"purchasable","15":"product-type-simple","16":"add-to-wishlist-before_image","17":"col","18":"span_1_of_3","19":"owp-content-center","20":"owp-thumbs-layout-vertical","21":"owp-btn-normal","22":"owp-tabs-layout-section"},"aioseo_notices":[],"uagb_featured_image_src":{"full":["https:\/\/whitecrowleather.com\/wp-content\/uploads\/2026\/03\/Monk-choker-vue-1-BW-50--scaled.jpg",2048,2560,false],"thumbnail":["https:\/\/whitecrowleather.com\/wp-content\/uploads\/2026\/03\/Monk-choker-vue-1-BW-50--120x150.jpg",120,150,true],"medium":["https:\/\/whitecrowleather.com\/wp-content\/uploads\/2026\/03\/Monk-choker-vue-1-BW-50--240x300.jpg",240,300,true],"medium_large":["https:\/\/whitecrowleather.com\/wp-content\/uploads\/2026\/03\/Monk-choker-vue-1-BW-50--768x960.jpg",768,960,true],"large":["https:\/\/whitecrowleather.com\/wp-content\/uploads\/2026\/03\/Monk-choker-vue-1-BW-50--819x1024.jpg",819,1024,true],"1536x1536":["https:\/\/whitecrowleather.com\/wp-content\/uploads\/2026\/03\/Monk-choker-vue-1-BW-50--1229x1536.jpg",1229,1536,true],"2048x2048":["https:\/\/whitecrowleather.com\/wp-content\/uploads\/2026\/03\/Monk-choker-vue-1-BW-50--1639x2048.jpg",1639,2048,true],"trp-custom-language-flag":["https:\/\/whitecrowleather.com\/wp-content\/uploads\/2026\/03\/Monk-choker-vue-1-BW-50--10x12.jpg",10,12,true],"ocean-thumb-m":["https:\/\/whitecrowleather.com\/wp-content\/uploads\/2026\/03\/Monk-choker-vue-1-BW-50--600x600.jpg",600,600,true],"ocean-thumb-ml":["https:\/\/whitecrowleather.com\/wp-content\/uploads\/2026\/03\/Monk-choker-vue-1-BW-50--800x450.jpg",800,450,true],"ocean-thumb-l":["https:\/\/whitecrowleather.com\/wp-content\/uploads\/2026\/03\/Monk-choker-vue-1-BW-50--1200x700.jpg",1200,700,true],"mailpoet_newsletter_max":["https:\/\/whitecrowleather.com\/wp-content\/uploads\/2026\/03\/Monk-choker-vue-1-BW-50--1320x1650.jpg",1320,1650,true],"woocommerce_thumbnail":["https:\/\/whitecrowleather.com\/wp-content\/uploads\/2026\/03\/Monk-choker-vue-1-BW-50--300x300.jpg",300,300,true],"woocommerce_single":["https:\/\/whitecrowleather.com\/wp-content\/uploads\/2026\/03\/Monk-choker-vue-1-BW-50--600x750.jpg",600,750,true],"woocommerce_gallery_thumbnail":["https:\/\/whitecrowleather.com\/wp-content\/uploads\/2026\/03\/Monk-choker-vue-1-BW-50--100x100.jpg",100,100,true]},"uagb_author_info":{"display_name":"whitecrowleather","author_link":"https:\/\/whitecrowleather.com\/en\/author\/"},"uagb_comment_info":0,"uagb_excerpt":"Ce choker de 1,5 cm de largeur allie finesse et r\u00e9gularit\u00e9, avec ses dix \u0153illets de 4 mm de diam\u00e8tre r\u00e9partis sur son pourtour. La ligne du cuir noir v\u00e9ritable de haute qualit\u00e9 contraste avec les \u00e9videments circulaires sertis d\u2019\u0153illets en laiton \u00e0 la finition nickel\u00e9e et brillante. Parce que la ma\u00eetrise vient de la&hellip;","_links":{"self":[{"href":"https:\/\/whitecrowleather.com\/en\/wp-json\/wp\/v2\/product\/2806","targetHints":{"allow":["GET"]}}],"collection":[{"href":"https:\/\/whitecrowleather.com\/en\/wp-json\/wp\/v2\/product"}],"about":[{"href":"https:\/\/whitecrowleather.com\/en\/wp-json\/wp\/v2\/types\/product"}],"replies":[{"embeddable":true,"href":"https:\/\/whitecrowleather.com\/en\/wp-json\/wp\/v2\/comments?post=2806"}],"wp:featuredmedia":[{"embeddable":true,"href":"https:\/\/whitecrowleather.com\/en\/wp-json\/wp\/v2\/media\/3300"}],"wp:attachment":[{"href":"https:\/\/whitecrowleather.com\/en\/wp-json\/wp\/v2\/media?parent=2806"}],"wp:term":[{"taxonomy":"product_brand","embeddable":true,"href":"https:\/\/whitecrowleather.com\/en\/wp-json\/wp\/v2\/product_brand?post=2806"},{"taxonomy":"product_cat","embeddable":true,"href":"https:\/\/whitecrowleather.com\/en\/wp-json\/wp\/v2\/product_cat?post=2806"},{"taxonomy":"product_tag","embeddable":true,"href":"https:\/\/whitecrowleather.com\/en\/wp-json\/wp\/v2\/product_tag?post=2806"}],"curies":[{"name":"wp","href":"https:\/\/api.w.org\/{rel}","templated":true}]}}