{"id":2803,"date":"2026-03-25T11:13:43","date_gmt":"2026-03-25T11:13:43","guid":{"rendered":"https:\/\/whitecrowleather.com\/?post_type=product&#038;p=2803"},"modified":"2026-04-13T18:17:15","modified_gmt":"2026-04-13T18:17:15","slug":"necromancer-emblem","status":"publish","type":"product","link":"https:\/\/whitecrowleather.com\/en\/product\/necromancer-emblem\/","title":{"rendered":"Necromancer Emblem \u2013 leather keychain"},"content":{"rendered":"<p>Width: 3 cm<\/p>\n<p>\u2714\ufe0f Made of genuine, high-quality black leather, vegetable tanned (EU origin: Italy, Spain, Belgium, France).<br \/>\n\u2714\ufe0f Nickel-plated steel buckles (EU origin: Italy, Spain).<br \/>\n\u2714\ufe0f Stainless steel chain.<br \/>\n\u2714\ufe0f Swivel carabiner and split ring.<\/p>\n<p>\ud83d\udd90\ufe0f Handmade in France.<\/p>\n<p>\u2694\ufe0f Genuine leather is a noble, natural, strong and durable material that will develop a unique patina over the course of your adventures! Vegetable tanning is also environmentally friendly, while limiting the risk of allergies.<\/p>\n<p>\ud83d\udd25 What makes our products special? Special attention to detail: all our edges are worked and waxed to make them smooth, enhance their aesthetic appeal and promote wearing comfort.<\/p>\n<p>*** All applicable customs duties, taxes, and fees are the responsibility of the buyer. ***<\/p>","protected":false},"excerpt":{"rendered":"<p>More than just an accessory, this black leather keychain adorned with a steel mesh cross evokes forbidden rituals and forgotten grimoires. Attached to a bag or key ring, it becomes a prized relic for dark souls seeking style.<\/p>","protected":false},"featured_media":0,"comment_status":"open","ping_status":"closed","template":"","meta":{"om_disable_all_campaigns":false,"_uag_custom_page_level_css":""},"product_brand":[],"product_cat":[56],"product_tag":[78],"class_list":{"0":"post-2803","1":"product","2":"type-product","3":"status-publish","5":"product_cat-porte-clefs","6":"product_tag-necromancer","8":"entry","10":"first","11":"instock","12":"purchasable","13":"product-type-simple","14":"add-to-wishlist-before_image","15":"col","16":"span_1_of_3","17":"owp-content-center","18":"owp-thumbs-layout-vertical","19":"owp-btn-normal","20":"owp-tabs-layout-section","21":"has-no-thumbnails"},"aioseo_notices":[],"uagb_featured_image_src":{"full":false,"thumbnail":false,"medium":false,"medium_large":false,"large":false,"1536x1536":false,"2048x2048":false,"trp-custom-language-flag":false,"ocean-thumb-m":false,"ocean-thumb-ml":false,"ocean-thumb-l":false,"mailpoet_newsletter_max":false,"woocommerce_thumbnail":false,"woocommerce_single":false,"woocommerce_gallery_thumbnail":false},"uagb_author_info":{"display_name":"whitecrowleather","author_link":"https:\/\/whitecrowleather.com\/en\/author\/"},"uagb_comment_info":0,"uagb_excerpt":"Plus qu\u2019un simple accessoire, ce porte-clefs en cuir noir orn\u00e9 d\u2019une croix en maille d\u2018acier \u00e9voque les rituels interdits et les grimoires oubli\u00e9s. Accroch\u00e9 \u00e0 un sac ou un trousseau, il devient une relique de choix pour les \u00e2mes sombres en qu\u00eate de style.","_links":{"self":[{"href":"https:\/\/whitecrowleather.com\/en\/wp-json\/wp\/v2\/product\/2803","targetHints":{"allow":["GET"]}}],"collection":[{"href":"https:\/\/whitecrowleather.com\/en\/wp-json\/wp\/v2\/product"}],"about":[{"href":"https:\/\/whitecrowleather.com\/en\/wp-json\/wp\/v2\/types\/product"}],"replies":[{"embeddable":true,"href":"https:\/\/whitecrowleather.com\/en\/wp-json\/wp\/v2\/comments?post=2803"}],"wp:attachment":[{"href":"https:\/\/whitecrowleather.com\/en\/wp-json\/wp\/v2\/media?parent=2803"}],"wp:term":[{"taxonomy":"product_brand","embeddable":true,"href":"https:\/\/whitecrowleather.com\/en\/wp-json\/wp\/v2\/product_brand?post=2803"},{"taxonomy":"product_cat","embeddable":true,"href":"https:\/\/whitecrowleather.com\/en\/wp-json\/wp\/v2\/product_cat?post=2803"},{"taxonomy":"product_tag","embeddable":true,"href":"https:\/\/whitecrowleather.com\/en\/wp-json\/wp\/v2\/product_tag?post=2803"}],"curies":[{"name":"wp","href":"https:\/\/api.w.org\/{rel}","templated":true}]}}