{"id":2796,"date":"2026-03-25T11:00:10","date_gmt":"2026-03-25T11:00:10","guid":{"rendered":"https:\/\/whitecrowleather.com\/?post_type=product&#038;p=2796"},"modified":"2026-04-13T18:10:46","modified_gmt":"2026-04-13T18:10:46","slug":"necromancer-earrings","status":"publish","type":"product","link":"https:\/\/whitecrowleather.com\/en\/product\/necromancer-earrings\/","title":{"rendered":"Necromancer earrings \u2013 steel earrings"},"content":{"rendered":"<p>\u2714\ufe0f Stainless steel jewellery.<\/p>\n<p>\u2714\ufe0f Silicone safety plugs.<\/p>\n<p>\ud83d\udccf Total length: 11 cm<\/p>\n<p>\ud83d\udd90\ufe0f Handmade in France.<\/p>\n<p>\ud83c\udf81 All our earrings are already delivered in an individual recycled satin pouch, which is why we do not offer gift wrapping.<\/p>\n<p>*** All applicable customs duties, taxes, and fees are the responsibility of the buyer. ***<\/p>\n<p>&nbsp;<\/p>","protected":false},"excerpt":{"rendered":"<p>The refinement of these long earrings, each made up of three chains, all finished with points, serves to impose a subtle but undisputed authority.<\/p>","protected":false},"featured_media":3320,"comment_status":"open","ping_status":"closed","template":"","meta":{"om_disable_all_campaigns":false,"_uag_custom_page_level_css":""},"product_brand":[],"product_cat":[60],"product_tag":[78],"class_list":{"0":"post-2796","1":"product","2":"type-product","3":"status-publish","4":"has-post-thumbnail","6":"product_cat-boucles-oreilles","7":"product_tag-necromancer","9":"entry","10":"has-media","12":"first","13":"instock","14":"purchasable","15":"product-type-simple","16":"add-to-wishlist-before_image","17":"col","18":"span_1_of_3","19":"owp-content-center","20":"owp-thumbs-layout-vertical","21":"owp-btn-normal","22":"owp-tabs-layout-section"},"aioseo_notices":[],"uagb_featured_image_src":{"full":["https:\/\/whitecrowleather.com\/wp-content\/uploads\/2026\/03\/Necromancer-BO-pack-BW-50-scaled.jpg",2560,2560,false],"thumbnail":["https:\/\/whitecrowleather.com\/wp-content\/uploads\/2026\/03\/Necromancer-BO-pack-BW-50-150x150.jpg",150,150,true],"medium":["https:\/\/whitecrowleather.com\/wp-content\/uploads\/2026\/03\/Necromancer-BO-pack-BW-50-300x300.jpg",300,300,true],"medium_large":["https:\/\/whitecrowleather.com\/wp-content\/uploads\/2026\/03\/Necromancer-BO-pack-BW-50-768x768.jpg",768,768,true],"large":["https:\/\/whitecrowleather.com\/wp-content\/uploads\/2026\/03\/Necromancer-BO-pack-BW-50-1024x1024.jpg",1024,1024,true],"1536x1536":["https:\/\/whitecrowleather.com\/wp-content\/uploads\/2026\/03\/Necromancer-BO-pack-BW-50-1536x1536.jpg",1536,1536,true],"2048x2048":["https:\/\/whitecrowleather.com\/wp-content\/uploads\/2026\/03\/Necromancer-BO-pack-BW-50-2048x2048.jpg",2048,2048,true],"trp-custom-language-flag":["https:\/\/whitecrowleather.com\/wp-content\/uploads\/2026\/03\/Necromancer-BO-pack-BW-50-12x12.jpg",12,12,true],"ocean-thumb-m":["https:\/\/whitecrowleather.com\/wp-content\/uploads\/2026\/03\/Necromancer-BO-pack-BW-50-600x600.jpg",600,600,true],"ocean-thumb-ml":["https:\/\/whitecrowleather.com\/wp-content\/uploads\/2026\/03\/Necromancer-BO-pack-BW-50-800x450.jpg",800,450,true],"ocean-thumb-l":["https:\/\/whitecrowleather.com\/wp-content\/uploads\/2026\/03\/Necromancer-BO-pack-BW-50-1200x700.jpg",1200,700,true],"mailpoet_newsletter_max":["https:\/\/whitecrowleather.com\/wp-content\/uploads\/2026\/03\/Necromancer-BO-pack-BW-50-1320x1320.jpg",1320,1320,true],"woocommerce_thumbnail":["https:\/\/whitecrowleather.com\/wp-content\/uploads\/2026\/03\/Necromancer-BO-pack-BW-50-300x300.jpg",300,300,true],"woocommerce_single":["https:\/\/whitecrowleather.com\/wp-content\/uploads\/2026\/03\/Necromancer-BO-pack-BW-50-600x600.jpg",600,600,true],"woocommerce_gallery_thumbnail":["https:\/\/whitecrowleather.com\/wp-content\/uploads\/2026\/03\/Necromancer-BO-pack-BW-50-100x100.jpg",100,100,true]},"uagb_author_info":{"display_name":"whitecrowleather","author_link":"https:\/\/whitecrowleather.com\/en\/author\/"},"uagb_comment_info":0,"uagb_excerpt":"Le raffinement de ces longues boucles d\u2019oreilles constitu\u00e9es chacune de trois cha\u00eenettes, toutes finies de pointes, sert \u00e0 imposer une autorit\u00e9 subtile mais sans partage.","_links":{"self":[{"href":"https:\/\/whitecrowleather.com\/en\/wp-json\/wp\/v2\/product\/2796","targetHints":{"allow":["GET"]}}],"collection":[{"href":"https:\/\/whitecrowleather.com\/en\/wp-json\/wp\/v2\/product"}],"about":[{"href":"https:\/\/whitecrowleather.com\/en\/wp-json\/wp\/v2\/types\/product"}],"replies":[{"embeddable":true,"href":"https:\/\/whitecrowleather.com\/en\/wp-json\/wp\/v2\/comments?post=2796"}],"wp:featuredmedia":[{"embeddable":true,"href":"https:\/\/whitecrowleather.com\/en\/wp-json\/wp\/v2\/media\/3320"}],"wp:attachment":[{"href":"https:\/\/whitecrowleather.com\/en\/wp-json\/wp\/v2\/media?parent=2796"}],"wp:term":[{"taxonomy":"product_brand","embeddable":true,"href":"https:\/\/whitecrowleather.com\/en\/wp-json\/wp\/v2\/product_brand?post=2796"},{"taxonomy":"product_cat","embeddable":true,"href":"https:\/\/whitecrowleather.com\/en\/wp-json\/wp\/v2\/product_cat?post=2796"},{"taxonomy":"product_tag","embeddable":true,"href":"https:\/\/whitecrowleather.com\/en\/wp-json\/wp\/v2\/product_tag?post=2796"}],"curies":[{"name":"wp","href":"https:\/\/api.w.org\/{rel}","templated":true}]}}