{"id":2759,"date":"2026-03-24T19:07:38","date_gmt":"2026-03-24T19:07:38","guid":{"rendered":"https:\/\/whitecrowleather.com\/?post_type=product&#038;p=2759"},"modified":"2026-04-13T18:16:28","modified_gmt":"2026-04-13T18:16:28","slug":"necromancer-bookmark","status":"publish","type":"product","link":"https:\/\/whitecrowleather.com\/en\/product\/necromancer-bookmark\/","title":{"rendered":"Necromancer bookmark \u2013 humorous bookmark"},"content":{"rendered":"<p>\u2714\ufe0f Premium quality cardstock bookmark measuring 15.2 cm x 5 cm, matte finish.<\/p>\n<p>\u2714\ufe0f Materials from responsible sources.<\/p>\n<p>\u2714\ufe0f Available in French and English.<\/p>\n<p>\ud83d\ude00 Includes a short, humorous and offbeat text on the back.<\/p>\n<p>\u2694\ufe0f Our original designs and texts, products printed in the Netherlands.<\/p>","protected":false},"excerpt":{"rendered":"<p>Macabre. Erudite. Ominous.<\/p>\n<p>The symbol of the Necromancer Coterie on a bookmark with a short, offbeat humorous text on the back.<\/p>\n<p>Available in French or English.<\/p>","protected":false},"featured_media":3321,"comment_status":"open","ping_status":"closed","template":"","meta":{"om_disable_all_campaigns":false,"_uag_custom_page_level_css":""},"product_brand":[],"product_cat":[57],"product_tag":[78],"class_list":{"0":"post-2759","1":"product","2":"type-product","3":"status-publish","4":"has-post-thumbnail","6":"product_cat-marque-pages","7":"product_tag-necromancer","9":"entry","10":"has-media","12":"first","13":"instock","14":"purchasable","15":"product-type-variable","16":"add-to-wishlist-before_image","17":"col","18":"span_1_of_3","19":"owp-content-center","20":"owp-thumbs-layout-vertical","21":"owp-btn-normal","22":"owp-tabs-layout-section","23":"has-no-thumbnails"},"aioseo_notices":[],"uagb_featured_image_src":{"full":["https:\/\/whitecrowleather.com\/wp-content\/uploads\/2026\/03\/Necromancer-MP-BW-50-scaled.jpg",2066,2560,false],"thumbnail":["https:\/\/whitecrowleather.com\/wp-content\/uploads\/2026\/03\/Necromancer-MP-BW-50-121x150.jpg",121,150,true],"medium":["https:\/\/whitecrowleather.com\/wp-content\/uploads\/2026\/03\/Necromancer-MP-BW-50-242x300.jpg",242,300,true],"medium_large":["https:\/\/whitecrowleather.com\/wp-content\/uploads\/2026\/03\/Necromancer-MP-BW-50-768x951.jpg",768,951,true],"large":["https:\/\/whitecrowleather.com\/wp-content\/uploads\/2026\/03\/Necromancer-MP-BW-50-827x1024.jpg",827,1024,true],"1536x1536":["https:\/\/whitecrowleather.com\/wp-content\/uploads\/2026\/03\/Necromancer-MP-BW-50-1240x1536.jpg",1240,1536,true],"2048x2048":["https:\/\/whitecrowleather.com\/wp-content\/uploads\/2026\/03\/Necromancer-MP-BW-50-1653x2048.jpg",1653,2048,true],"trp-custom-language-flag":["https:\/\/whitecrowleather.com\/wp-content\/uploads\/2026\/03\/Necromancer-MP-BW-50-10x12.jpg",10,12,true],"ocean-thumb-m":["https:\/\/whitecrowleather.com\/wp-content\/uploads\/2026\/03\/Necromancer-MP-BW-50-600x600.jpg",600,600,true],"ocean-thumb-ml":["https:\/\/whitecrowleather.com\/wp-content\/uploads\/2026\/03\/Necromancer-MP-BW-50-800x450.jpg",800,450,true],"ocean-thumb-l":["https:\/\/whitecrowleather.com\/wp-content\/uploads\/2026\/03\/Necromancer-MP-BW-50-1200x700.jpg",1200,700,true],"mailpoet_newsletter_max":["https:\/\/whitecrowleather.com\/wp-content\/uploads\/2026\/03\/Necromancer-MP-BW-50-1320x1635.jpg",1320,1635,true],"woocommerce_thumbnail":["https:\/\/whitecrowleather.com\/wp-content\/uploads\/2026\/03\/Necromancer-MP-BW-50-300x300.jpg",300,300,true],"woocommerce_single":["https:\/\/whitecrowleather.com\/wp-content\/uploads\/2026\/03\/Necromancer-MP-BW-50-600x743.jpg",600,743,true],"woocommerce_gallery_thumbnail":["https:\/\/whitecrowleather.com\/wp-content\/uploads\/2026\/03\/Necromancer-MP-BW-50-100x100.jpg",100,100,true]},"uagb_author_info":{"display_name":"whitecrowleather","author_link":"https:\/\/whitecrowleather.com\/en\/author\/"},"uagb_comment_info":0,"uagb_excerpt":"Macabre. \u00c9rudit. Funeste. Le symbole de la Coterie des N\u00e9cromanciens sur un marque-page comportant au dos un court texte \u00e0 l\u2019humour d\u00e9cal\u00e9. Disponible en fran\u00e7ais ou en anglais.","_links":{"self":[{"href":"https:\/\/whitecrowleather.com\/en\/wp-json\/wp\/v2\/product\/2759","targetHints":{"allow":["GET"]}}],"collection":[{"href":"https:\/\/whitecrowleather.com\/en\/wp-json\/wp\/v2\/product"}],"about":[{"href":"https:\/\/whitecrowleather.com\/en\/wp-json\/wp\/v2\/types\/product"}],"replies":[{"embeddable":true,"href":"https:\/\/whitecrowleather.com\/en\/wp-json\/wp\/v2\/comments?post=2759"}],"wp:featuredmedia":[{"embeddable":true,"href":"https:\/\/whitecrowleather.com\/en\/wp-json\/wp\/v2\/media\/3321"}],"wp:attachment":[{"href":"https:\/\/whitecrowleather.com\/en\/wp-json\/wp\/v2\/media?parent=2759"}],"wp:term":[{"taxonomy":"product_brand","embeddable":true,"href":"https:\/\/whitecrowleather.com\/en\/wp-json\/wp\/v2\/product_brand?post=2759"},{"taxonomy":"product_cat","embeddable":true,"href":"https:\/\/whitecrowleather.com\/en\/wp-json\/wp\/v2\/product_cat?post=2759"},{"taxonomy":"product_tag","embeddable":true,"href":"https:\/\/whitecrowleather.com\/en\/wp-json\/wp\/v2\/product_tag?post=2759"}],"curies":[{"name":"wp","href":"https:\/\/api.w.org\/{rel}","templated":true}]}}