{"id":2753,"date":"2026-03-24T19:00:22","date_gmt":"2026-03-24T19:00:22","guid":{"rendered":"https:\/\/whitecrowleather.com\/?post_type=product&#038;p=2753"},"modified":"2026-04-13T18:16:41","modified_gmt":"2026-04-13T18:16:41","slug":"cleric-bookmark","status":"publish","type":"product","link":"https:\/\/whitecrowleather.com\/en\/product\/cleric-bookmark\/","title":{"rendered":"Cleric bookmark \u2013 humorous bookmark"},"content":{"rendered":"<p>\u2714\ufe0f Premium quality cardstock bookmark measuring 15.2 cm x 5 cm, matte finish.<\/p>\n<p>\u2714\ufe0f Materials from responsible sources.<\/p>\n<p>\u2714\ufe0f Available in French and English.<\/p>\n<p>\ud83d\ude00 Includes a short, humorous and offbeat text on the back.<\/p>\n<p>\u2694\ufe0f Our original designs and texts, products printed in the Netherlands.<\/p>","protected":false},"excerpt":{"rendered":"<p>Inspired. Devoted. Mystical.<\/p>\n<p>The symbol of the Congregation of the Clerics on a bookmark with a short, offbeat humorous text on the back.<\/p>\n<p>Available in French or English.<\/p>","protected":false},"featured_media":3273,"comment_status":"open","ping_status":"closed","template":"","meta":{"om_disable_all_campaigns":false,"_uag_custom_page_level_css":""},"product_brand":[],"product_cat":[57],"product_tag":[70],"class_list":{"0":"post-2753","1":"product","2":"type-product","3":"status-publish","4":"has-post-thumbnail","6":"product_cat-marque-pages","7":"product_tag-cleric","9":"entry","10":"has-media","12":"first","13":"instock","14":"purchasable","15":"product-type-variable","16":"add-to-wishlist-before_image","17":"col","18":"span_1_of_3","19":"owp-content-center","20":"owp-thumbs-layout-vertical","21":"owp-btn-normal","22":"owp-tabs-layout-section","23":"has-no-thumbnails"},"aioseo_notices":[],"uagb_featured_image_src":{"full":["https:\/\/whitecrowleather.com\/wp-content\/uploads\/2026\/03\/Cleric-MP-BW-50--scaled.jpg",2023,2560,false],"thumbnail":["https:\/\/whitecrowleather.com\/wp-content\/uploads\/2026\/03\/Cleric-MP-BW-50--119x150.jpg",119,150,true],"medium":["https:\/\/whitecrowleather.com\/wp-content\/uploads\/2026\/03\/Cleric-MP-BW-50--237x300.jpg",237,300,true],"medium_large":["https:\/\/whitecrowleather.com\/wp-content\/uploads\/2026\/03\/Cleric-MP-BW-50--768x972.jpg",768,972,true],"large":["https:\/\/whitecrowleather.com\/wp-content\/uploads\/2026\/03\/Cleric-MP-BW-50--809x1024.jpg",809,1024,true],"1536x1536":["https:\/\/whitecrowleather.com\/wp-content\/uploads\/2026\/03\/Cleric-MP-BW-50--1214x1536.jpg",1214,1536,true],"2048x2048":["https:\/\/whitecrowleather.com\/wp-content\/uploads\/2026\/03\/Cleric-MP-BW-50--1618x2048.jpg",1618,2048,true],"trp-custom-language-flag":["https:\/\/whitecrowleather.com\/wp-content\/uploads\/2026\/03\/Cleric-MP-BW-50--9x12.jpg",9,12,true],"ocean-thumb-m":["https:\/\/whitecrowleather.com\/wp-content\/uploads\/2026\/03\/Cleric-MP-BW-50--600x600.jpg",600,600,true],"ocean-thumb-ml":["https:\/\/whitecrowleather.com\/wp-content\/uploads\/2026\/03\/Cleric-MP-BW-50--800x450.jpg",800,450,true],"ocean-thumb-l":["https:\/\/whitecrowleather.com\/wp-content\/uploads\/2026\/03\/Cleric-MP-BW-50--1200x700.jpg",1200,700,true],"mailpoet_newsletter_max":["https:\/\/whitecrowleather.com\/wp-content\/uploads\/2026\/03\/Cleric-MP-BW-50--1320x1670.jpg",1320,1670,true],"woocommerce_thumbnail":["https:\/\/whitecrowleather.com\/wp-content\/uploads\/2026\/03\/Cleric-MP-BW-50--300x300.jpg",300,300,true],"woocommerce_single":["https:\/\/whitecrowleather.com\/wp-content\/uploads\/2026\/03\/Cleric-MP-BW-50--600x759.jpg",600,759,true],"woocommerce_gallery_thumbnail":["https:\/\/whitecrowleather.com\/wp-content\/uploads\/2026\/03\/Cleric-MP-BW-50--100x100.jpg",100,100,true]},"uagb_author_info":{"display_name":"whitecrowleather","author_link":"https:\/\/whitecrowleather.com\/en\/author\/"},"uagb_comment_info":0,"uagb_excerpt":"Inspir\u00e9. D\u00e9vou\u00e9. Mystique. Le symbole de la Congr\u00e9gation des Clercs sur un marque-page comportant au dos un court texte \u00e0 l\u2019humour d\u00e9cal\u00e9. Disponible en fran\u00e7ais ou en anglais.","_links":{"self":[{"href":"https:\/\/whitecrowleather.com\/en\/wp-json\/wp\/v2\/product\/2753","targetHints":{"allow":["GET"]}}],"collection":[{"href":"https:\/\/whitecrowleather.com\/en\/wp-json\/wp\/v2\/product"}],"about":[{"href":"https:\/\/whitecrowleather.com\/en\/wp-json\/wp\/v2\/types\/product"}],"replies":[{"embeddable":true,"href":"https:\/\/whitecrowleather.com\/en\/wp-json\/wp\/v2\/comments?post=2753"}],"wp:featuredmedia":[{"embeddable":true,"href":"https:\/\/whitecrowleather.com\/en\/wp-json\/wp\/v2\/media\/3273"}],"wp:attachment":[{"href":"https:\/\/whitecrowleather.com\/en\/wp-json\/wp\/v2\/media?parent=2753"}],"wp:term":[{"taxonomy":"product_brand","embeddable":true,"href":"https:\/\/whitecrowleather.com\/en\/wp-json\/wp\/v2\/product_brand?post=2753"},{"taxonomy":"product_cat","embeddable":true,"href":"https:\/\/whitecrowleather.com\/en\/wp-json\/wp\/v2\/product_cat?post=2753"},{"taxonomy":"product_tag","embeddable":true,"href":"https:\/\/whitecrowleather.com\/en\/wp-json\/wp\/v2\/product_tag?post=2753"}],"curies":[{"name":"wp","href":"https:\/\/api.w.org\/{rel}","templated":true}]}}