{"id":2743,"date":"2026-03-24T18:38:33","date_gmt":"2026-03-24T18:38:33","guid":{"rendered":"https:\/\/whitecrowleather.com\/?post_type=product&#038;p=2743"},"modified":"2026-04-13T18:08:31","modified_gmt":"2026-04-13T18:08:31","slug":"warrior-badge","status":"publish","type":"product","link":"https:\/\/whitecrowleather.com\/en\/product\/warrior-badge\/","title":{"rendered":"Warrior badge \u2013 pin badge"},"content":{"rendered":"<p>\u2714\ufe0f Round badges with safety pin fastening, made of durable metal and glossy protective plastic, 32 mm diameter.<\/p>\n<p>\u2694\ufe0f Our original designs, products hand-assembled by us in France.<\/p>","protected":false},"excerpt":{"rendered":"<p>Brave. Redoubtable. Trained.<\/p>\n<p>The symbol of the Warrior Company on a round pin badge.<\/p>","protected":false},"featured_media":3453,"comment_status":"open","ping_status":"closed","template":"","meta":{"om_disable_all_campaigns":false,"_uag_custom_page_level_css":""},"product_brand":[],"product_cat":[59],"product_tag":[61],"class_list":{"0":"post-2743","1":"product","2":"type-product","3":"status-publish","4":"has-post-thumbnail","6":"product_cat-badges","7":"product_tag-warrior","9":"entry","10":"has-media","12":"first","13":"instock","14":"purchasable","15":"product-type-simple","16":"add-to-wishlist-before_image","17":"col","18":"span_1_of_3","19":"owp-content-center","20":"owp-thumbs-layout-vertical","21":"owp-btn-normal","22":"owp-tabs-layout-section"},"aioseo_notices":[],"uagb_featured_image_src":{"full":["https:\/\/whitecrowleather.com\/wp-content\/uploads\/2026\/03\/Warrior-badge-BW-50.jpg",1258,1258,false],"thumbnail":["https:\/\/whitecrowleather.com\/wp-content\/uploads\/2026\/03\/Warrior-badge-BW-50-150x150.jpg",150,150,true],"medium":["https:\/\/whitecrowleather.com\/wp-content\/uploads\/2026\/03\/Warrior-badge-BW-50-300x300.jpg",300,300,true],"medium_large":["https:\/\/whitecrowleather.com\/wp-content\/uploads\/2026\/03\/Warrior-badge-BW-50-768x768.jpg",768,768,true],"large":["https:\/\/whitecrowleather.com\/wp-content\/uploads\/2026\/03\/Warrior-badge-BW-50-1024x1024.jpg",1024,1024,true],"1536x1536":["https:\/\/whitecrowleather.com\/wp-content\/uploads\/2026\/03\/Warrior-badge-BW-50.jpg",1258,1258,false],"2048x2048":["https:\/\/whitecrowleather.com\/wp-content\/uploads\/2026\/03\/Warrior-badge-BW-50.jpg",1258,1258,false],"trp-custom-language-flag":["https:\/\/whitecrowleather.com\/wp-content\/uploads\/2026\/03\/Warrior-badge-BW-50-12x12.jpg",12,12,true],"ocean-thumb-m":["https:\/\/whitecrowleather.com\/wp-content\/uploads\/2026\/03\/Warrior-badge-BW-50-600x600.jpg",600,600,true],"ocean-thumb-ml":["https:\/\/whitecrowleather.com\/wp-content\/uploads\/2026\/03\/Warrior-badge-BW-50-800x450.jpg",800,450,true],"ocean-thumb-l":["https:\/\/whitecrowleather.com\/wp-content\/uploads\/2026\/03\/Warrior-badge-BW-50-1200x700.jpg",1200,700,true],"mailpoet_newsletter_max":["https:\/\/whitecrowleather.com\/wp-content\/uploads\/2026\/03\/Warrior-badge-BW-50.jpg",1258,1258,false],"woocommerce_thumbnail":["https:\/\/whitecrowleather.com\/wp-content\/uploads\/2026\/03\/Warrior-badge-BW-50-300x300.jpg",300,300,true],"woocommerce_single":["https:\/\/whitecrowleather.com\/wp-content\/uploads\/2026\/03\/Warrior-badge-BW-50-600x600.jpg",600,600,true],"woocommerce_gallery_thumbnail":["https:\/\/whitecrowleather.com\/wp-content\/uploads\/2026\/03\/Warrior-badge-BW-50-100x100.jpg",100,100,true]},"uagb_author_info":{"display_name":"whitecrowleather","author_link":"https:\/\/whitecrowleather.com\/en\/author\/"},"uagb_comment_info":0,"uagb_excerpt":"Brave. Redoutable. Entra\u00een\u00e9. Le symbole de la Compagnie des Guerriers sur un badge rond \u00e0 \u00e9pingle.","_links":{"self":[{"href":"https:\/\/whitecrowleather.com\/en\/wp-json\/wp\/v2\/product\/2743","targetHints":{"allow":["GET"]}}],"collection":[{"href":"https:\/\/whitecrowleather.com\/en\/wp-json\/wp\/v2\/product"}],"about":[{"href":"https:\/\/whitecrowleather.com\/en\/wp-json\/wp\/v2\/types\/product"}],"replies":[{"embeddable":true,"href":"https:\/\/whitecrowleather.com\/en\/wp-json\/wp\/v2\/comments?post=2743"}],"wp:featuredmedia":[{"embeddable":true,"href":"https:\/\/whitecrowleather.com\/en\/wp-json\/wp\/v2\/media\/3453"}],"wp:attachment":[{"href":"https:\/\/whitecrowleather.com\/en\/wp-json\/wp\/v2\/media?parent=2743"}],"wp:term":[{"taxonomy":"product_brand","embeddable":true,"href":"https:\/\/whitecrowleather.com\/en\/wp-json\/wp\/v2\/product_brand?post=2743"},{"taxonomy":"product_cat","embeddable":true,"href":"https:\/\/whitecrowleather.com\/en\/wp-json\/wp\/v2\/product_cat?post=2743"},{"taxonomy":"product_tag","embeddable":true,"href":"https:\/\/whitecrowleather.com\/en\/wp-json\/wp\/v2\/product_tag?post=2743"}],"curies":[{"name":"wp","href":"https:\/\/api.w.org\/{rel}","templated":true}]}}