{"id":2740,"date":"2026-03-24T18:36:07","date_gmt":"2026-03-24T18:36:07","guid":{"rendered":"https:\/\/whitecrowleather.com\/?post_type=product&#038;p=2740"},"modified":"2026-04-13T18:09:05","modified_gmt":"2026-04-13T18:09:05","slug":"rogue-badge","status":"publish","type":"product","link":"https:\/\/whitecrowleather.com\/en\/product\/rogue-badge\/","title":{"rendered":"Rogue badge \u2013 pin badge"},"content":{"rendered":"<p>\u2714\ufe0f Round badges with safety pin fastening, made of durable metal and glossy protective plastic, 32 mm diameter.<\/p>\n<p>\u2694\ufe0f Our original designs, products hand-assembled by us in France.<\/p>","protected":false},"excerpt":{"rendered":"<p>Cunning. Discreet. Greedy.<\/p>\n<p>The symbol of the Thieves Guild on a round pin badge.<\/p>","protected":false},"featured_media":3386,"comment_status":"open","ping_status":"closed","template":"","meta":{"om_disable_all_campaigns":false,"_uag_custom_page_level_css":""},"product_brand":[],"product_cat":[59],"product_tag":[65],"class_list":{"0":"post-2740","1":"product","2":"type-product","3":"status-publish","4":"has-post-thumbnail","6":"product_cat-badges","7":"product_tag-rogue","9":"entry","10":"has-media","12":"first","13":"instock","14":"purchasable","15":"product-type-simple","16":"add-to-wishlist-before_image","17":"col","18":"span_1_of_3","19":"owp-content-center","20":"owp-thumbs-layout-vertical","21":"owp-btn-normal","22":"owp-tabs-layout-section"},"aioseo_notices":[],"uagb_featured_image_src":{"full":["https:\/\/whitecrowleather.com\/wp-content\/uploads\/2026\/03\/Rogue-badge-BW-50.jpg",1325,1325,false],"thumbnail":["https:\/\/whitecrowleather.com\/wp-content\/uploads\/2026\/03\/Rogue-badge-BW-50-150x150.jpg",150,150,true],"medium":["https:\/\/whitecrowleather.com\/wp-content\/uploads\/2026\/03\/Rogue-badge-BW-50-300x300.jpg",300,300,true],"medium_large":["https:\/\/whitecrowleather.com\/wp-content\/uploads\/2026\/03\/Rogue-badge-BW-50-768x768.jpg",768,768,true],"large":["https:\/\/whitecrowleather.com\/wp-content\/uploads\/2026\/03\/Rogue-badge-BW-50-1024x1024.jpg",1024,1024,true],"1536x1536":["https:\/\/whitecrowleather.com\/wp-content\/uploads\/2026\/03\/Rogue-badge-BW-50.jpg",1325,1325,false],"2048x2048":["https:\/\/whitecrowleather.com\/wp-content\/uploads\/2026\/03\/Rogue-badge-BW-50.jpg",1325,1325,false],"trp-custom-language-flag":["https:\/\/whitecrowleather.com\/wp-content\/uploads\/2026\/03\/Rogue-badge-BW-50-12x12.jpg",12,12,true],"ocean-thumb-m":["https:\/\/whitecrowleather.com\/wp-content\/uploads\/2026\/03\/Rogue-badge-BW-50-600x600.jpg",600,600,true],"ocean-thumb-ml":["https:\/\/whitecrowleather.com\/wp-content\/uploads\/2026\/03\/Rogue-badge-BW-50-800x450.jpg",800,450,true],"ocean-thumb-l":["https:\/\/whitecrowleather.com\/wp-content\/uploads\/2026\/03\/Rogue-badge-BW-50-1200x700.jpg",1200,700,true],"mailpoet_newsletter_max":["https:\/\/whitecrowleather.com\/wp-content\/uploads\/2026\/03\/Rogue-badge-BW-50-1320x1320.jpg",1320,1320,true],"woocommerce_thumbnail":["https:\/\/whitecrowleather.com\/wp-content\/uploads\/2026\/03\/Rogue-badge-BW-50-300x300.jpg",300,300,true],"woocommerce_single":["https:\/\/whitecrowleather.com\/wp-content\/uploads\/2026\/03\/Rogue-badge-BW-50-600x600.jpg",600,600,true],"woocommerce_gallery_thumbnail":["https:\/\/whitecrowleather.com\/wp-content\/uploads\/2026\/03\/Rogue-badge-BW-50-100x100.jpg",100,100,true]},"uagb_author_info":{"display_name":"whitecrowleather","author_link":"https:\/\/whitecrowleather.com\/en\/author\/"},"uagb_comment_info":0,"uagb_excerpt":"Rus\u00e9. Discret. Avide. Le symbole de la Guilde des Voleurs sur un badge rond \u00e0 \u00e9pingle.","_links":{"self":[{"href":"https:\/\/whitecrowleather.com\/en\/wp-json\/wp\/v2\/product\/2740","targetHints":{"allow":["GET"]}}],"collection":[{"href":"https:\/\/whitecrowleather.com\/en\/wp-json\/wp\/v2\/product"}],"about":[{"href":"https:\/\/whitecrowleather.com\/en\/wp-json\/wp\/v2\/types\/product"}],"replies":[{"embeddable":true,"href":"https:\/\/whitecrowleather.com\/en\/wp-json\/wp\/v2\/comments?post=2740"}],"wp:featuredmedia":[{"embeddable":true,"href":"https:\/\/whitecrowleather.com\/en\/wp-json\/wp\/v2\/media\/3386"}],"wp:attachment":[{"href":"https:\/\/whitecrowleather.com\/en\/wp-json\/wp\/v2\/media?parent=2740"}],"wp:term":[{"taxonomy":"product_brand","embeddable":true,"href":"https:\/\/whitecrowleather.com\/en\/wp-json\/wp\/v2\/product_brand?post=2740"},{"taxonomy":"product_cat","embeddable":true,"href":"https:\/\/whitecrowleather.com\/en\/wp-json\/wp\/v2\/product_cat?post=2740"},{"taxonomy":"product_tag","embeddable":true,"href":"https:\/\/whitecrowleather.com\/en\/wp-json\/wp\/v2\/product_tag?post=2740"}],"curies":[{"name":"wp","href":"https:\/\/api.w.org\/{rel}","templated":true}]}}