{"id":2729,"date":"2026-03-24T18:16:33","date_gmt":"2026-03-24T18:16:33","guid":{"rendered":"https:\/\/whitecrowleather.com\/?post_type=product&#038;p=2729"},"modified":"2026-04-13T18:19:02","modified_gmt":"2026-04-13T18:19:02","slug":"shaman-sticker","status":"publish","type":"product","link":"https:\/\/whitecrowleather.com\/en\/product\/shaman-sticker\/","title":{"rendered":"Shaman sticker \u2013 vinyl sticker"},"content":{"rendered":"<p>\u2714\ufe0f Stickers ronds en vinyle r\u00e9sistant et de haute qualit\u00e9 de 4 cm de diam\u00e8tre,\u00a0finition brillante, non repositionnables.<\/p>\n<p>\u2694\ufe0f Our original designs, stickers produced in Sweden.<\/p>","protected":false},"excerpt":{"rendered":"<p>Connected. Magnanimous. Spiritual.<\/p>\n<p>The symbol of the Circle of Shamans on a round vinyl sticker.<\/p>","protected":false},"featured_media":3412,"comment_status":"open","ping_status":"closed","template":"","meta":{"om_disable_all_campaigns":false,"_uag_custom_page_level_css":""},"product_brand":[],"product_cat":[58],"product_tag":[64],"class_list":{"0":"post-2729","1":"product","2":"type-product","3":"status-publish","4":"has-post-thumbnail","6":"product_cat-stickers","7":"product_tag-shaman","9":"entry","10":"has-media","12":"first","13":"instock","14":"purchasable","15":"product-type-simple","16":"add-to-wishlist-before_image","17":"col","18":"span_1_of_3","19":"owp-content-center","20":"owp-thumbs-layout-vertical","21":"owp-btn-normal","22":"owp-tabs-layout-section","23":"has-no-thumbnails"},"aioseo_notices":[],"uagb_featured_image_src":{"full":["https:\/\/whitecrowleather.com\/wp-content\/uploads\/2026\/03\/Shaman-sticker-BW-50-flou-50-.jpg",2461,2461,false],"thumbnail":["https:\/\/whitecrowleather.com\/wp-content\/uploads\/2026\/03\/Shaman-sticker-BW-50-flou-50--150x150.jpg",150,150,true],"medium":["https:\/\/whitecrowleather.com\/wp-content\/uploads\/2026\/03\/Shaman-sticker-BW-50-flou-50--300x300.jpg",300,300,true],"medium_large":["https:\/\/whitecrowleather.com\/wp-content\/uploads\/2026\/03\/Shaman-sticker-BW-50-flou-50--768x768.jpg",768,768,true],"large":["https:\/\/whitecrowleather.com\/wp-content\/uploads\/2026\/03\/Shaman-sticker-BW-50-flou-50--1024x1024.jpg",1024,1024,true],"1536x1536":["https:\/\/whitecrowleather.com\/wp-content\/uploads\/2026\/03\/Shaman-sticker-BW-50-flou-50--1536x1536.jpg",1536,1536,true],"2048x2048":["https:\/\/whitecrowleather.com\/wp-content\/uploads\/2026\/03\/Shaman-sticker-BW-50-flou-50--2048x2048.jpg",2048,2048,true],"trp-custom-language-flag":["https:\/\/whitecrowleather.com\/wp-content\/uploads\/2026\/03\/Shaman-sticker-BW-50-flou-50--12x12.jpg",12,12,true],"ocean-thumb-m":["https:\/\/whitecrowleather.com\/wp-content\/uploads\/2026\/03\/Shaman-sticker-BW-50-flou-50--600x600.jpg",600,600,true],"ocean-thumb-ml":["https:\/\/whitecrowleather.com\/wp-content\/uploads\/2026\/03\/Shaman-sticker-BW-50-flou-50--800x450.jpg",800,450,true],"ocean-thumb-l":["https:\/\/whitecrowleather.com\/wp-content\/uploads\/2026\/03\/Shaman-sticker-BW-50-flou-50--1200x700.jpg",1200,700,true],"mailpoet_newsletter_max":["https:\/\/whitecrowleather.com\/wp-content\/uploads\/2026\/03\/Shaman-sticker-BW-50-flou-50--1320x1320.jpg",1320,1320,true],"woocommerce_thumbnail":["https:\/\/whitecrowleather.com\/wp-content\/uploads\/2026\/03\/Shaman-sticker-BW-50-flou-50--300x300.jpg",300,300,true],"woocommerce_single":["https:\/\/whitecrowleather.com\/wp-content\/uploads\/2026\/03\/Shaman-sticker-BW-50-flou-50--600x600.jpg",600,600,true],"woocommerce_gallery_thumbnail":["https:\/\/whitecrowleather.com\/wp-content\/uploads\/2026\/03\/Shaman-sticker-BW-50-flou-50--100x100.jpg",100,100,true]},"uagb_author_info":{"display_name":"whitecrowleather","author_link":"https:\/\/whitecrowleather.com\/en\/author\/"},"uagb_comment_info":0,"uagb_excerpt":"Connect\u00e9. Magnanime. Spirituel. Le symbole du Cercle des Shamans sur un sticker vinyle rond.","_links":{"self":[{"href":"https:\/\/whitecrowleather.com\/en\/wp-json\/wp\/v2\/product\/2729","targetHints":{"allow":["GET"]}}],"collection":[{"href":"https:\/\/whitecrowleather.com\/en\/wp-json\/wp\/v2\/product"}],"about":[{"href":"https:\/\/whitecrowleather.com\/en\/wp-json\/wp\/v2\/types\/product"}],"replies":[{"embeddable":true,"href":"https:\/\/whitecrowleather.com\/en\/wp-json\/wp\/v2\/comments?post=2729"}],"wp:featuredmedia":[{"embeddable":true,"href":"https:\/\/whitecrowleather.com\/en\/wp-json\/wp\/v2\/media\/3412"}],"wp:attachment":[{"href":"https:\/\/whitecrowleather.com\/en\/wp-json\/wp\/v2\/media?parent=2729"}],"wp:term":[{"taxonomy":"product_brand","embeddable":true,"href":"https:\/\/whitecrowleather.com\/en\/wp-json\/wp\/v2\/product_brand?post=2729"},{"taxonomy":"product_cat","embeddable":true,"href":"https:\/\/whitecrowleather.com\/en\/wp-json\/wp\/v2\/product_cat?post=2729"},{"taxonomy":"product_tag","embeddable":true,"href":"https:\/\/whitecrowleather.com\/en\/wp-json\/wp\/v2\/product_tag?post=2729"}],"curies":[{"name":"wp","href":"https:\/\/api.w.org\/{rel}","templated":true}]}}