{"id":2709,"date":"2026-03-20T19:27:07","date_gmt":"2026-03-20T19:27:07","guid":{"rendered":"https:\/\/whitecrowleather.com\/?post_type=product&#038;p=2709"},"modified":"2026-04-13T18:17:36","modified_gmt":"2026-04-13T18:17:36","slug":"cleric-emblem","status":"publish","type":"product","link":"https:\/\/whitecrowleather.com\/en\/product\/cleric-emblem\/","title":{"rendered":"Cleric Emblem \u2013 leather keychain"},"content":{"rendered":"<p>Width: 3 cm<\/p>\n<p>\u2714\ufe0f Made of genuine, high-quality black leather, vegetable tanned (EU origin: Italy, Spain, Belgium, France).<br \/>\n\u2714\ufe0f Nickel-plated steel buckles (EU origin: Italy, Spain).<br \/>\n\u2714\ufe0f Swivel carabiner and split ring.<\/p>\n<p>\ud83d\udd90\ufe0f Handmade in France.<\/p>\n<p>\u2694\ufe0f Genuine leather is a noble, natural, strong and durable material that will develop a unique patina over the course of your adventures! Vegetable tanning is also environmentally friendly, while limiting the risk of allergies.<\/p>\n<p>\ud83d\udd25 What makes our products special? Special attention to detail: all our edges are worked and waxed to make them smooth, enhance their aesthetic appeal and promote wearing comfort.<\/p>\n<p>*** All applicable customs duties, taxes, and fees are the responsibility of the buyer. ***<\/p>","protected":false},"excerpt":{"rendered":"<p>This genuine black leather keychain features a collar button with a captive ring and a four-pointed star charm. An accessory designed to express one's appreciation for celestial matters.<\/p>","protected":false},"featured_media":2711,"comment_status":"open","ping_status":"closed","template":"","meta":{"om_disable_all_campaigns":false,"_uag_custom_page_level_css":""},"product_brand":[],"product_cat":[56],"product_tag":[70],"class_list":{"0":"post-2709","1":"product","2":"type-product","3":"status-publish","4":"has-post-thumbnail","6":"product_cat-porte-clefs","7":"product_tag-cleric","9":"entry","10":"has-media","12":"first","13":"instock","14":"purchasable","15":"product-type-simple","16":"add-to-wishlist-before_image","17":"col","18":"span_1_of_3","19":"owp-content-center","20":"owp-thumbs-layout-vertical","21":"owp-btn-normal","22":"owp-tabs-layout-section"},"aioseo_notices":[],"uagb_featured_image_src":{"full":["https:\/\/whitecrowleather.com\/wp-content\/uploads\/2026\/03\/20260108_144741-scaled.jpg",2560,2014,false],"thumbnail":["https:\/\/whitecrowleather.com\/wp-content\/uploads\/2026\/03\/20260108_144741-150x150.jpg",150,150,true],"medium":["https:\/\/whitecrowleather.com\/wp-content\/uploads\/2026\/03\/20260108_144741-300x236.jpg",300,236,true],"medium_large":["https:\/\/whitecrowleather.com\/wp-content\/uploads\/2026\/03\/20260108_144741-768x604.jpg",768,604,true],"large":["https:\/\/whitecrowleather.com\/wp-content\/uploads\/2026\/03\/20260108_144741-1024x806.jpg",1024,806,true],"1536x1536":["https:\/\/whitecrowleather.com\/wp-content\/uploads\/2026\/03\/20260108_144741-1536x1208.jpg",1536,1208,true],"2048x2048":["https:\/\/whitecrowleather.com\/wp-content\/uploads\/2026\/03\/20260108_144741-2048x1611.jpg",2048,1611,true],"trp-custom-language-flag":["https:\/\/whitecrowleather.com\/wp-content\/uploads\/2026\/03\/20260108_144741-scaled.jpg",15,12,false],"ocean-thumb-m":["https:\/\/whitecrowleather.com\/wp-content\/uploads\/2026\/03\/20260108_144741-scaled.jpg",600,472,false],"ocean-thumb-ml":["https:\/\/whitecrowleather.com\/wp-content\/uploads\/2026\/03\/20260108_144741-scaled.jpg",572,450,false],"ocean-thumb-l":["https:\/\/whitecrowleather.com\/wp-content\/uploads\/2026\/03\/20260108_144741-scaled.jpg",890,700,false],"mailpoet_newsletter_max":["https:\/\/whitecrowleather.com\/wp-content\/uploads\/2026\/03\/20260108_144741-scaled.jpg",1320,1038,false],"woocommerce_thumbnail":["https:\/\/whitecrowleather.com\/wp-content\/uploads\/2026\/03\/20260108_144741-300x300.jpg",300,300,true],"woocommerce_single":["https:\/\/whitecrowleather.com\/wp-content\/uploads\/2026\/03\/20260108_144741-600x472.jpg",600,472,true],"woocommerce_gallery_thumbnail":["https:\/\/whitecrowleather.com\/wp-content\/uploads\/2026\/03\/20260108_144741-100x100.jpg",100,100,true]},"uagb_author_info":{"display_name":"whitecrowleather","author_link":"https:\/\/whitecrowleather.com\/en\/author\/"},"uagb_comment_info":0,"uagb_excerpt":"Ce porte-clefs en cuir noir v\u00e9ritable est agr\u00e9ment\u00e9 d'un bouton de col avec anneau captif et d'une breloque en forme d'\u00e9toile \u00e0 quatre branches. Un accessoire destin\u00e9 \u00e0 affirmer son attrait pour les consid\u00e9rations c\u00e9lestes.","_links":{"self":[{"href":"https:\/\/whitecrowleather.com\/en\/wp-json\/wp\/v2\/product\/2709","targetHints":{"allow":["GET"]}}],"collection":[{"href":"https:\/\/whitecrowleather.com\/en\/wp-json\/wp\/v2\/product"}],"about":[{"href":"https:\/\/whitecrowleather.com\/en\/wp-json\/wp\/v2\/types\/product"}],"replies":[{"embeddable":true,"href":"https:\/\/whitecrowleather.com\/en\/wp-json\/wp\/v2\/comments?post=2709"}],"wp:featuredmedia":[{"embeddable":true,"href":"https:\/\/whitecrowleather.com\/en\/wp-json\/wp\/v2\/media\/2711"}],"wp:attachment":[{"href":"https:\/\/whitecrowleather.com\/en\/wp-json\/wp\/v2\/media?parent=2709"}],"wp:term":[{"taxonomy":"product_brand","embeddable":true,"href":"https:\/\/whitecrowleather.com\/en\/wp-json\/wp\/v2\/product_brand?post=2709"},{"taxonomy":"product_cat","embeddable":true,"href":"https:\/\/whitecrowleather.com\/en\/wp-json\/wp\/v2\/product_cat?post=2709"},{"taxonomy":"product_tag","embeddable":true,"href":"https:\/\/whitecrowleather.com\/en\/wp-json\/wp\/v2\/product_tag?post=2709"}],"curies":[{"name":"wp","href":"https:\/\/api.w.org\/{rel}","templated":true}]}}