{"id":2677,"date":"2026-03-20T17:45:32","date_gmt":"2026-03-20T17:45:32","guid":{"rendered":"https:\/\/whitecrowleather.com\/?post_type=product&#038;p=2677"},"modified":"2026-04-13T18:12:37","modified_gmt":"2026-04-13T18:12:37","slug":"rogue-wristband","status":"publish","type":"product","link":"https:\/\/whitecrowleather.com\/en\/product\/rogue-wristband\/","title":{"rendered":"Rogue Wristband \u2013 leather cuff bracelet"},"content":{"rendered":"<p>One size: 14 to 18 cm<\/p>\n<p>Width: 3 cm<\/p>\n<p>\u2714\ufe0f Made of genuine, high-quality black leather, vegetable tanned (EU origin: Italy, Spain, Belgium, France).<br \/>\n\u2714\ufe0f Nickel-plated steel bucklework (EU origin: Italy).<br \/>\n\u2714\ufe0f Stainless steel pointed charm.<br \/>\n\u2714\ufe0f Adjustable length thanks to its pin buckle system.<\/p>\n<p>\ud83d\udd90\ufe0f Handmade in France.<\/p>\n<p>\u2694\ufe0f Genuine leather is a noble, natural, strong and durable material that will develop a unique patina over the course of your adventures! Vegetable tanning is also environmentally friendly, while limiting the risk of allergies.<\/p>\n<p>\ud83d\udd25 What makes our products special? Special attention to detail: all our edges are worked and waxed to make them smooth, enhance their aesthetic appeal and promote wearing comfort.<\/p>\n<p>\ud83c\udf81 All our necklaces and bracelets are already delivered in an individual recycled satin pouch, which is why we do not offer gift wrapping.<\/p>\n<p>*** All applicable customs duties, taxes, and fees are the responsibility of the buyer. ***<\/p>","protected":false},"excerpt":{"rendered":"<p>A power bracelet structured around an O-ring and a steel spike, evoking an alliance of strength and control. Inspired by the equipment of the best rogues, this delicate bracer is more than just a piece of jewelry: it's a style statement.<\/p>","protected":false},"featured_media":3402,"comment_status":"open","ping_status":"closed","template":"","meta":{"om_disable_all_campaigns":false,"_uag_custom_page_level_css":""},"product_brand":[],"product_cat":[55],"product_tag":[65],"class_list":{"0":"post-2677","1":"product","2":"type-product","3":"status-publish","4":"has-post-thumbnail","6":"product_cat-bracelets-manchette","7":"product_tag-rogue","9":"entry","10":"has-media","12":"first","13":"instock","14":"purchasable","15":"product-type-simple","16":"add-to-wishlist-before_image","17":"col","18":"span_1_of_3","19":"owp-content-center","20":"owp-thumbs-layout-vertical","21":"owp-btn-normal","22":"owp-tabs-layout-section"},"aioseo_notices":[],"uagb_featured_image_src":{"full":["https:\/\/whitecrowleather.com\/wp-content\/uploads\/2026\/03\/Rogue-WB-FRONT-scaled.jpg",2048,2560,false],"thumbnail":["https:\/\/whitecrowleather.com\/wp-content\/uploads\/2026\/03\/Rogue-WB-FRONT-120x150.jpg",120,150,true],"medium":["https:\/\/whitecrowleather.com\/wp-content\/uploads\/2026\/03\/Rogue-WB-FRONT-240x300.jpg",240,300,true],"medium_large":["https:\/\/whitecrowleather.com\/wp-content\/uploads\/2026\/03\/Rogue-WB-FRONT-768x960.jpg",768,960,true],"large":["https:\/\/whitecrowleather.com\/wp-content\/uploads\/2026\/03\/Rogue-WB-FRONT-819x1024.jpg",819,1024,true],"1536x1536":["https:\/\/whitecrowleather.com\/wp-content\/uploads\/2026\/03\/Rogue-WB-FRONT-1229x1536.jpg",1229,1536,true],"2048x2048":["https:\/\/whitecrowleather.com\/wp-content\/uploads\/2026\/03\/Rogue-WB-FRONT-1638x2048.jpg",1638,2048,true],"trp-custom-language-flag":["https:\/\/whitecrowleather.com\/wp-content\/uploads\/2026\/03\/Rogue-WB-FRONT-10x12.jpg",10,12,true],"ocean-thumb-m":["https:\/\/whitecrowleather.com\/wp-content\/uploads\/2026\/03\/Rogue-WB-FRONT-600x600.jpg",600,600,true],"ocean-thumb-ml":["https:\/\/whitecrowleather.com\/wp-content\/uploads\/2026\/03\/Rogue-WB-FRONT-800x450.jpg",800,450,true],"ocean-thumb-l":["https:\/\/whitecrowleather.com\/wp-content\/uploads\/2026\/03\/Rogue-WB-FRONT-1200x700.jpg",1200,700,true],"mailpoet_newsletter_max":["https:\/\/whitecrowleather.com\/wp-content\/uploads\/2026\/03\/Rogue-WB-FRONT-1320x1650.jpg",1320,1650,true],"woocommerce_thumbnail":["https:\/\/whitecrowleather.com\/wp-content\/uploads\/2026\/03\/Rogue-WB-FRONT-300x300.jpg",300,300,true],"woocommerce_single":["https:\/\/whitecrowleather.com\/wp-content\/uploads\/2026\/03\/Rogue-WB-FRONT-600x750.jpg",600,750,true],"woocommerce_gallery_thumbnail":["https:\/\/whitecrowleather.com\/wp-content\/uploads\/2026\/03\/Rogue-WB-FRONT-100x100.jpg",100,100,true]},"uagb_author_info":{"display_name":"whitecrowleather","author_link":"https:\/\/whitecrowleather.com\/en\/author\/"},"uagb_comment_info":0,"uagb_excerpt":"Un bracelet de force structur\u00e9 autour d\u2019un joint torique et d\u2019une pointe en acier \u00e9voquant une alliance de puissance et de ma\u00eetrise. Inspir\u00e9 par l\u2019\u00e9quipement des meilleurs roublards, ce brassard d\u00e9licat est plus qu\u2019un bijou : c\u2019est une d\u00e9claration de style.","_links":{"self":[{"href":"https:\/\/whitecrowleather.com\/en\/wp-json\/wp\/v2\/product\/2677","targetHints":{"allow":["GET"]}}],"collection":[{"href":"https:\/\/whitecrowleather.com\/en\/wp-json\/wp\/v2\/product"}],"about":[{"href":"https:\/\/whitecrowleather.com\/en\/wp-json\/wp\/v2\/types\/product"}],"replies":[{"embeddable":true,"href":"https:\/\/whitecrowleather.com\/en\/wp-json\/wp\/v2\/comments?post=2677"}],"wp:featuredmedia":[{"embeddable":true,"href":"https:\/\/whitecrowleather.com\/en\/wp-json\/wp\/v2\/media\/3402"}],"wp:attachment":[{"href":"https:\/\/whitecrowleather.com\/en\/wp-json\/wp\/v2\/media?parent=2677"}],"wp:term":[{"taxonomy":"product_brand","embeddable":true,"href":"https:\/\/whitecrowleather.com\/en\/wp-json\/wp\/v2\/product_brand?post=2677"},{"taxonomy":"product_cat","embeddable":true,"href":"https:\/\/whitecrowleather.com\/en\/wp-json\/wp\/v2\/product_cat?post=2677"},{"taxonomy":"product_tag","embeddable":true,"href":"https:\/\/whitecrowleather.com\/en\/wp-json\/wp\/v2\/product_tag?post=2677"}],"curies":[{"name":"wp","href":"https:\/\/api.w.org\/{rel}","templated":true}]}}