{"id":3215,"date":"2026-04-08T16:46:30","date_gmt":"2026-04-08T16:46:30","guid":{"rendered":"https:\/\/whitecrowleather.com\/?page_id=3215"},"modified":"2026-04-08T17:50:47","modified_gmt":"2026-04-08T17:50:47","slug":"additional-legal-notices","status":"publish","type":"page","link":"https:\/\/whitecrowleather.com\/en\/mentions-legales\/additional-legal-notices\/","title":{"rendered":"Additional legal information"},"content":{"rendered":"<h2 class=\"wp-block-heading\">Intellectual Property<\/h2>\n\n\n\n<p class=\"has-cardo-font-family\">The content of the website www.whitecrowleather.com is the property of the Seller and its partners and is protected by French and international laws relating to intellectual property.<\/p>\n\n\n\n<p>In accordance with the Intellectual Property Code and the provisions relating to the protection of copyright, any total or partial reproduction of this content is strictly prohibited and may constitute an infringement offense.<\/p>\n\n\n\n<p>Publication control is ensured by White Crow Leather.<\/p>\n\n\n\n<div style=\"height:59px\" aria-hidden=\"true\" class=\"wp-block-spacer\"><\/div>\n\n\n\n<h2 class=\"wp-block-heading\">Website information<\/h2>\n\n\n\n<div style=\"height:25px\" aria-hidden=\"true\" class=\"wp-block-spacer\"><\/div>\n\n\n\n<h3 class=\"wp-block-heading has-medium-font-size\">Owner and publisher of the site<\/h3>\n\n\n\n<div style=\"height:5px\" aria-hidden=\"true\" class=\"wp-block-spacer\"><\/div>\n\n\n\n<p>White Crow Leather<\/p>\n\n\n\n<p>202, rue Roger &#8211; 60250 ANGY &#8211; FRANCE<\/p>\n\n\n\n<p>Siret : 98848184200017 RCS BEAUVAIS <\/p>\n\n\n\n<p>Email: contact.whitecrowleather@gmail.com<\/p>\n\n\n\n<p>Publishing Director: Marie BURNAND<\/p>\n\n\n\n<div style=\"height:36px\" aria-hidden=\"true\" class=\"wp-block-spacer\"><\/div>\n\n\n\n<h3 class=\"wp-block-heading has-medium-font-size\">Website hosting<\/h3>\n\n\n\n<div style=\"height:5px\" aria-hidden=\"true\" class=\"wp-block-spacer\"><\/div>\n\n\n\n<p>HOSTINGER INTERNATIONAL LTD<\/p>\n\n\n\n<p style=\"font-style:normal;font-weight:200\">61 Lordou Vironos Street<\/p>\n\n\n\n<p>6023 LARNACA<\/p>\n\n\n\n<p>Chypre<\/p>\n\n\n\n<p><a href=\"https:\/\/www.hostinger.fr\/contact\">https:\/\/www.hostinger.fr\/contact<\/a><\/p>","protected":false},"excerpt":{"rendered":"<p>Propri\u00e9t\u00e9 intellectuelle Le contenu du site www.whitecrowleather.com est la propri\u00e9t\u00e9 du Vendeur et de ses partenaires et est prot\u00e9g\u00e9 par les lois fran\u00e7aises et internationales relatives \u00e0 la propri\u00e9t\u00e9 intellectuelle. En application du Code de la Propri\u00e9t\u00e9 Intellectuelle et des dispositions relatives \u00e0 la protection des droits d\u2019auteurs, toute reproduction totale ou partielle de ce [&hellip;]<\/p>\n","protected":false},"author":1,"featured_media":0,"parent":2585,"menu_order":0,"comment_status":"closed","ping_status":"closed","template":"","meta":{"om_disable_all_campaigns":false,"_uag_custom_page_level_css":"","footnotes":""},"class_list":["post-3215","page","type-page","status-publish","hentry","entry","owp-thumbs-layout-vertical","owp-btn-normal","owp-tabs-layout-section","has-no-thumbnails"],"aioseo_notices":[],"_hostinger_reach_plugin_has_subscription_block":false,"_hostinger_reach_plugin_is_elementor":false,"uagb_featured_image_src":{"full":false,"thumbnail":false,"medium":false,"medium_large":false,"large":false,"1536x1536":false,"2048x2048":false,"trp-custom-language-flag":false,"ocean-thumb-m":false,"ocean-thumb-ml":false,"ocean-thumb-l":false,"mailpoet_newsletter_max":false,"woocommerce_thumbnail":false,"woocommerce_single":false,"woocommerce_gallery_thumbnail":false},"uagb_author_info":{"display_name":"whitecrowleather","author_link":"https:\/\/whitecrowleather.com\/en\/author\/whitecrowleathergmail-com\/"},"uagb_comment_info":0,"uagb_excerpt":"Propri\u00e9t\u00e9 intellectuelle Le contenu du site www.whitecrowleather.com est la propri\u00e9t\u00e9 du Vendeur et de ses partenaires et est prot\u00e9g\u00e9 par les lois fran\u00e7aises et internationales relatives \u00e0 la propri\u00e9t\u00e9 intellectuelle. En application du Code de la Propri\u00e9t\u00e9 Intellectuelle et des dispositions relatives \u00e0 la protection des droits d\u2019auteurs, toute reproduction totale ou partielle de ce&hellip;","_links":{"self":[{"href":"https:\/\/whitecrowleather.com\/en\/wp-json\/wp\/v2\/pages\/3215","targetHints":{"allow":["GET"]}}],"collection":[{"href":"https:\/\/whitecrowleather.com\/en\/wp-json\/wp\/v2\/pages"}],"about":[{"href":"https:\/\/whitecrowleather.com\/en\/wp-json\/wp\/v2\/types\/page"}],"author":[{"embeddable":true,"href":"https:\/\/whitecrowleather.com\/en\/wp-json\/wp\/v2\/users\/1"}],"replies":[{"embeddable":true,"href":"https:\/\/whitecrowleather.com\/en\/wp-json\/wp\/v2\/comments?post=3215"}],"version-history":[{"count":5,"href":"https:\/\/whitecrowleather.com\/en\/wp-json\/wp\/v2\/pages\/3215\/revisions"}],"predecessor-version":[{"id":3241,"href":"https:\/\/whitecrowleather.com\/en\/wp-json\/wp\/v2\/pages\/3215\/revisions\/3241"}],"up":[{"embeddable":true,"href":"https:\/\/whitecrowleather.com\/en\/wp-json\/wp\/v2\/pages\/2585"}],"wp:attachment":[{"href":"https:\/\/whitecrowleather.com\/en\/wp-json\/wp\/v2\/media?parent=3215"}],"curies":[{"name":"wp","href":"https:\/\/api.w.org\/{rel}","templated":true}]}}