{"id":3212,"date":"2026-04-08T16:27:08","date_gmt":"2026-04-08T16:27:08","guid":{"rendered":"https:\/\/whitecrowleather.com\/?page_id=3212"},"modified":"2026-04-08T17:40:30","modified_gmt":"2026-04-08T17:40:30","slug":"privacy-policy","status":"publish","type":"page","link":"https:\/\/whitecrowleather.com\/en\/mentions-legales\/privacy-policy\/","title":{"rendered":"Privacy Policy"},"content":{"rendered":"<p class=\"has-cardo-font-family\">Last revised on 08\/04\/2026<\/p>\n\n\n\n<h2 class=\"wp-block-heading\">Article 1 \u2013 Management of personal data \u2013 GDPR<\/h2>\n\n\n\n<p class=\"has-cardo-font-family\">The Customer is informed that the collection of their personal data is necessary for the sale of Products by the Seller and for their transmission to third parties for the purpose of delivering the Products. This personal data is collected solely for the performance of the sales contract.<\/p>\n\n\n\n<p class=\"has-cardo-font-family\">The Client is also informed that the collection of their personal data is necessary for the following purposes:<\/p>\n\n\n\n<p class=\"has-cardo-font-family\">Compliance with any legal obligations incumbent upon the company; transmission of a newsletter and promotional offers subject to prior consent by the buyer.<\/p>\n\n\n\n<h2 class=\"wp-block-heading\"><strong>Article 2 \u2013 Collection of personal data<\/strong><\/h2>\n\n\n\n<p class=\"has-cardo-font-family\">The personal data collected on the website www.whitecrowleather.com is as follows:<\/p>\n\n\n\n<p class=\"has-cardo-font-family\"><strong>Ordering Products:<\/strong><\/p>\n\n\n\n<p class=\"has-cardo-font-family\">When the Customer orders Products:<\/p>\n\n\n\n<p class=\"has-cardo-font-family\">Names, surnames, postal address, telephone number and email address.<\/p>\n\n\n\n<p class=\"has-cardo-font-family\"><strong>Payment<\/strong><\/p>\n\n\n\n<p class=\"has-cardo-font-family\">As part of the payment for Products offered on the website www.whitecrowleather.com, the site records financial data relating to the Client's\/user's bank account or credit card.<\/p>\n\n\n\n<h2 class=\"wp-block-heading\"><strong>Article 3 \u2013 Recipients of personal data<\/strong><\/h2>\n\n\n\n<p class=\"has-cardo-font-family\">Personal data is used by the Seller and its co-contractors for the execution of the contract and to ensure the efficiency of the sale and delivery of the Products.<\/p>\n\n\n\n<p class=\"has-cardo-font-family\">The category(ies) of co-contractor(s) is\/are:<\/p>\n\n\n\n<ul class=\"wp-block-list has-cardo-font-family\">\n<li>Transport providers<\/li>\n\n\n\n<li>Payment service providers<\/li>\n<\/ul>\n\n\n\n<p>Under no circumstances will White Crow Leather disclose its customers' data to third parties, whether free of charge or for a fee.<\/p>\n\n\n\n<h2 class=\"wp-block-heading\"><strong>Article 4 \u2013 Data Controller<\/strong><\/h2>\n\n\n\n<p class=\"has-cardo-font-family\">The data controller is the Seller, as defined by the French Data Protection Act and, from 25 May 2018, by Regulation 2016\/679 on the protection of personal data.<\/p>\n\n\n\n<h2 class=\"wp-block-heading\"><strong>Article 5 \u2013 Limitation of processing<\/strong><\/h2>\n\n\n\n<p class=\"has-cardo-font-family\">Unless the Client expressly agrees, their personal data will not be used for advertising or marketing purposes.<\/p>\n\n\n\n<h2 class=\"wp-block-heading\"><strong>Article 6 \u2013 Data retention period<\/strong><\/h2>\n\n\n\n<p class=\"has-cardo-font-family\">The Seller will retain the data thus collected for a period of 5 years, covering the time of limitation of the applicable contractual civil liability.<\/p>\n\n\n\n<h2 class=\"wp-block-heading\"><strong>Article 7 \u2013 Security and confidentiality<\/strong><\/h2>\n\n\n\n<p class=\"has-cardo-font-family\">The Seller implements organizational, technical, software, and physical digital security measures to protect personal data against alteration, destruction, and unauthorized access. However, it should be noted that the Internet is not a completely secure environment, and the Seller cannot guarantee the security of the transmission or storage of information over the Internet.<\/p>\n\n\n\n<h2 class=\"wp-block-heading\"><strong>Article 8 \u2013 Implementation of Customer and User Rights<\/strong><\/h2>\n\n\n\n<p>Any user who has submitted personal data has the right to access and rectify their data. This is in accordance with Article N\u00b0 78-17 of 6 January 1978 relating to information technology and civil liberties (CNIL).<\/p>\n\n\n\n<p class=\"has-cardo-font-family\">In accordance with the regulations applicable to personal data, Customers and users of the website www.whitecrowleather.com have the following rights:<\/p>\n\n\n\n<ul class=\"wp-block-list has-cardo-font-family\">\n<li>They can update or delete their personal data as follows:<\/li>\n<\/ul>\n\n\n\n<p class=\"has-cardo-font-family\">By sending an email to the dedicated address or via the contact form.<\/p>\n\n\n\n<ul class=\"wp-block-list has-cardo-font-family\">\n<li>They can delete their account by writing to the email address indicated in Article 4 \"Data Controller\"<\/li>\n\n\n\n<li>They can exercise their right of access to know what personal data concerning them is being processed by writing to the address indicated in Article 4 \"Data Controller\"<\/li>\n\n\n\n<li>If the personal data held by the Seller is inaccurate, they may request that the information be updated by writing to the address indicated in Article 4 \"Data Controller\".<\/li>\n\n\n\n<li>They can request the deletion of their personal data, in accordance with applicable data protection laws, by writing to the address indicated in Article 4 \"Data Controller\".<\/li>\n\n\n\n<li>They can also request the portability of data held by the Seller to another service provider<\/li>\n\n\n\n<li>Finally, they can object to the processing of their data by the Seller<\/li>\n<\/ul>\n\n\n\n<p class=\"has-cardo-font-family\">These rights, provided they do not conflict with the purpose of the processing, can be exercised by sending a request by mail or email to the Data Controller whose contact details are given above.<\/p>\n\n\n\n<p class=\"has-cardo-font-family\">The data controller must provide a response within a maximum period of one month.<\/p>\n\n\n\n<p class=\"has-cardo-font-family\">If the Client's request is refused, the reasons for the refusal must be given.<\/p>\n\n\n\n<p class=\"has-cardo-font-family\">The Client is informed that in case of refusal, he\/she may lodge a complaint with the CNIL (3 place de Fontenoy, 75007 PARIS) or take legal action.<\/p>\n\n\n\n<p class=\"has-cardo-font-family\">The Customer may be asked to tick a box indicating their consent to receive informational and promotional emails from the Seller. They will always have the option to withdraw their consent at any time by contacting the Seller (contact details above) or by following the unsubscribe link.<\/p>\n\n\n\n<h2 class=\"wp-block-heading\"><strong>Article 9 \u2013 Information regarding cookies<\/strong><\/h2>\n\n\n\n<p>When you visit the website www.whitecrowleather.com, subject to your choices regarding cookies, information relating to your browsing may be recorded in \"cookie\" files installed on your device in order to optimize your experience on said site.<\/p>\n\n\n\n<p>If you refuse to allow cookies to be stored on your device, or if you delete those already stored, you may no longer be able to use certain features offered by our site, or you may not be able to use them optimally.<\/p>\n\n\n\n<p>To learn more about cookies and how to manage them, please visit the website of the French Data Protection Authority (CNIL): http:\/\/www.cnil.fr\/vos-droits\/vos-traces\/les-cookies\/ <\/p>\n\n\n\n<p>You can change your cookie settings at any time via your browser's settings options.<\/p>\n\n\n\n<h2 class=\"wp-block-heading\">Article 10 \u2013 Applicable Law<\/h2>\n\n\n\n<p>This Privacy Policy is governed by French law. Any dispute, disagreement or claim, and in the event that an amicable agreement cannot be reached, shall be subject to the exclusive jurisdiction of the courts of Beauvais (60).<\/p>","protected":false},"excerpt":{"rendered":"<p>Derni\u00e8re r\u00e9vision au 08\/04\/2026 Article 1 &#8211; Gestion des donn\u00e9es personnelles &#8211; RGPD Le Client est inform\u00e9 que la collecte de ses donn\u00e9es \u00e0 caract\u00e8re personnel est n\u00e9cessaire \u00e0 la vente des Produits par le Vendeur ainsi qu&rsquo;\u00e0 leur transmission \u00e0 des tiers \u00e0 des fins de livraison des Produits. Ces donn\u00e9es \u00e0 caract\u00e8re personnel [&hellip;]<\/p>\n","protected":false},"author":1,"featured_media":0,"parent":2585,"menu_order":0,"comment_status":"closed","ping_status":"closed","template":"","meta":{"om_disable_all_campaigns":false,"_uag_custom_page_level_css":"","footnotes":""},"class_list":["post-3212","page","type-page","status-publish","hentry","entry","owp-thumbs-layout-vertical","owp-btn-normal","owp-tabs-layout-section","has-no-thumbnails"],"aioseo_notices":[],"_hostinger_reach_plugin_has_subscription_block":false,"_hostinger_reach_plugin_is_elementor":false,"uagb_featured_image_src":{"full":false,"thumbnail":false,"medium":false,"medium_large":false,"large":false,"1536x1536":false,"2048x2048":false,"trp-custom-language-flag":false,"ocean-thumb-m":false,"ocean-thumb-ml":false,"ocean-thumb-l":false,"mailpoet_newsletter_max":false,"woocommerce_thumbnail":false,"woocommerce_single":false,"woocommerce_gallery_thumbnail":false},"uagb_author_info":{"display_name":"whitecrowleather","author_link":"https:\/\/whitecrowleather.com\/en\/author\/whitecrowleathergmail-com\/"},"uagb_comment_info":0,"uagb_excerpt":"Derni\u00e8re r\u00e9vision au 08\/04\/2026 Article 1 &#8211; Gestion des donn\u00e9es personnelles &#8211; RGPD Le Client est inform\u00e9 que la collecte de ses donn\u00e9es \u00e0 caract\u00e8re personnel est n\u00e9cessaire \u00e0 la vente des Produits par le Vendeur ainsi qu&rsquo;\u00e0 leur transmission \u00e0 des tiers \u00e0 des fins de livraison des Produits. Ces donn\u00e9es \u00e0 caract\u00e8re personnel&hellip;","_links":{"self":[{"href":"https:\/\/whitecrowleather.com\/en\/wp-json\/wp\/v2\/pages\/3212","targetHints":{"allow":["GET"]}}],"collection":[{"href":"https:\/\/whitecrowleather.com\/en\/wp-json\/wp\/v2\/pages"}],"about":[{"href":"https:\/\/whitecrowleather.com\/en\/wp-json\/wp\/v2\/types\/page"}],"author":[{"embeddable":true,"href":"https:\/\/whitecrowleather.com\/en\/wp-json\/wp\/v2\/users\/1"}],"replies":[{"embeddable":true,"href":"https:\/\/whitecrowleather.com\/en\/wp-json\/wp\/v2\/comments?post=3212"}],"version-history":[{"count":8,"href":"https:\/\/whitecrowleather.com\/en\/wp-json\/wp\/v2\/pages\/3212\/revisions"}],"predecessor-version":[{"id":3237,"href":"https:\/\/whitecrowleather.com\/en\/wp-json\/wp\/v2\/pages\/3212\/revisions\/3237"}],"up":[{"embeddable":true,"href":"https:\/\/whitecrowleather.com\/en\/wp-json\/wp\/v2\/pages\/2585"}],"wp:attachment":[{"href":"https:\/\/whitecrowleather.com\/en\/wp-json\/wp\/v2\/media?parent=3212"}],"curies":[{"name":"wp","href":"https:\/\/api.w.org\/{rel}","templated":true}]}}