{"id":2552,"date":"2026-03-18T16:52:16","date_gmt":"2026-03-18T16:52:16","guid":{"rendered":"https:\/\/whitecrowleather.com\/nos-concepts\/"},"modified":"2026-04-20T08:54:03","modified_gmt":"2026-04-20T08:54:03","slug":"nos-concepts","status":"publish","type":"page","link":"https:\/\/whitecrowleather.com\/en\/nos-concepts\/","title":{"rendered":"Our concepts"},"content":{"rendered":"<div class=\"wp-block-group alignfull is-content-justification-center\" style=\"margin-top:0;margin-bottom:0;padding-top:calc( 0.5 * var(--wp--style--root--padding-right, var(--wp--custom--gap--horizontal)));padding-right:var(--wp--style--root--padding-right, var(--wp--custom--gap--horizontal));padding-bottom:calc( 0.5 * var(--wp--style--root--padding-right, var(--wp--custom--gap--horizontal)));padding-left:var(--wp--style--root--padding-left, var(--wp--custom--gap--horizontal))\"><div class=\"wp-block-group__inner-container is-layout-constrained wp-container-core-group-is-layout-b073b61b wp-block-group-is-layout-constrained\">\n<div style=\"height:calc( 0.25 * var(--wp--style--root--padding-right, var(--wp--custom--gap--horizontal)))\" aria-hidden=\"true\" class=\"wp-block-spacer\"><\/div>\n\n\n\n<div class=\"wp-block-group alignwide\"><div class=\"wp-block-group__inner-container is-layout-constrained wp-block-group-is-layout-constrained\">\n<h2 class=\"wp-block-heading alignfull has-text-align-center\" style=\"font-style:normal;font-weight:300\"><em>Discover our guiding concepts\u2026<\/em><\/h2>\n<\/div><\/div>\n\n\n\n<div style=\"height:var(--wp--preset--spacing--20)\" aria-hidden=\"true\" class=\"wp-block-spacer\"><\/div>\n\n\n\n<div class=\"wp-block-columns alignwide is-layout-flex wp-container-core-columns-is-layout-41e3e26a wp-block-columns-is-layout-flex\">\n<div class=\"wp-block-column is-layout-flow wp-block-column-is-layout-flow\"><div class=\"wp-block-image\">\n<figure class=\"aligncenter size-large\"><img loading=\"lazy\" decoding=\"async\" width=\"1024\" height=\"575\" src=\"https:\/\/whitecrowleather.com\/wp-content\/uploads\/2026\/03\/IMG_2329-1024x575.jpg\" alt=\"img 2329\" class=\"wp-image-2559\" style=\"aspect-ratio:4\/3;object-fit:cover\" srcset=\"https:\/\/whitecrowleather.com\/wp-content\/uploads\/2026\/03\/IMG_2329-1024x575.jpg 1024w, https:\/\/whitecrowleather.com\/wp-content\/uploads\/2026\/03\/IMG_2329-300x168.jpg 300w, https:\/\/whitecrowleather.com\/wp-content\/uploads\/2026\/03\/IMG_2329-768x431.jpg 768w, https:\/\/whitecrowleather.com\/wp-content\/uploads\/2026\/03\/IMG_2329-1536x862.jpg 1536w, https:\/\/whitecrowleather.com\/wp-content\/uploads\/2026\/03\/IMG_2329-2048x1150.jpg 2048w, https:\/\/whitecrowleather.com\/wp-content\/uploads\/2026\/03\/IMG_2329-600x337.jpg 600w\" sizes=\"auto, (max-width: 1024px) 100vw, 1024px\" \/><\/figure>\n<\/div>\n\n\n<div style=\"height:4px\" aria-hidden=\"true\" class=\"wp-block-spacer\"><\/div>\n\n\n\n<div class=\"wp-block-group\"><div class=\"wp-block-group__inner-container is-layout-flow wp-block-group-is-layout-flow\">\n<h3 class=\"wp-block-heading has-text-align-center is-service-name has-large-font-size\" style=\"font-style:normal;font-weight:700\">From leather and steel<\/h3>\n<\/div><\/div>\n\n\n\n<p class=\"is-service-description has-medium-font-size\">Two timeless and durable materials. The satiny elegance of genuine black leather combines with the raw, silvery coolness of steel to create a striking contrast. By limiting the range of materials we work with, we choose to focus on the form we give them to express our ideas, developing them in a minimalist yet bold way. Our credo? To create durable accessories that boost self-confidence!<\/p>\n<\/div>\n\n\n\n<div class=\"wp-block-column is-layout-flow wp-block-column-is-layout-flow\"><div class=\"wp-block-image\">\n<figure class=\"aligncenter size-large\"><img loading=\"lazy\" decoding=\"async\" width=\"1024\" height=\"721\" src=\"https:\/\/whitecrowleather.com\/wp-content\/uploads\/2026\/04\/20260203_171539-1024x721.jpg\" alt=\"20260203 171539\" class=\"wp-image-3536\" style=\"aspect-ratio:4\/3;object-fit:cover\" srcset=\"https:\/\/whitecrowleather.com\/wp-content\/uploads\/2026\/04\/20260203_171539-1024x721.jpg 1024w, https:\/\/whitecrowleather.com\/wp-content\/uploads\/2026\/04\/20260203_171539-300x211.jpg 300w, https:\/\/whitecrowleather.com\/wp-content\/uploads\/2026\/04\/20260203_171539-150x106.jpg 150w, https:\/\/whitecrowleather.com\/wp-content\/uploads\/2026\/04\/20260203_171539-768x541.jpg 768w, https:\/\/whitecrowleather.com\/wp-content\/uploads\/2026\/04\/20260203_171539-1536x1081.jpg 1536w, https:\/\/whitecrowleather.com\/wp-content\/uploads\/2026\/04\/20260203_171539-2048x1441.jpg 2048w, https:\/\/whitecrowleather.com\/wp-content\/uploads\/2026\/04\/20260203_171539-18x12.jpg 18w, https:\/\/whitecrowleather.com\/wp-content\/uploads\/2026\/04\/20260203_171539-1320x929.jpg 1320w, https:\/\/whitecrowleather.com\/wp-content\/uploads\/2026\/04\/20260203_171539-600x422.jpg 600w\" sizes=\"auto, (max-width: 1024px) 100vw, 1024px\" \/><\/figure>\n<\/div>\n\n\n<div style=\"height:4px\" aria-hidden=\"true\" class=\"wp-block-spacer\"><\/div>\n\n\n\n<div class=\"wp-block-group\"><div class=\"wp-block-group__inner-container is-layout-flow wp-block-group-is-layout-flow\">\n<h3 class=\"wp-block-heading has-text-align-center is-service-name has-large-font-size\" style=\"font-style:normal;font-weight:700\">Handmade in France.<\/h3>\n<\/div><\/div>\n\n\n\n<p class=\"is-service-description has-medium-font-size\">Tous nos produits sont cr\u00e9\u00e9s avec passion au sein de notre tout petit atelier, en France. Afin de proposer des bijoux et accessoires de qualit\u00e9, nous faisons le choix de nous approvisionner aupr\u00e8s de fournisseurs europ\u00e9ens, d\u00e8s lors que cela est possible. Cette d\u00e9marche nous permet de souscrire \u00e0 de hautes normes qualitatives, \u00e9thiques et environnementales. Ainsi, le cuir haut de gamme que nous travaillons provient d\u2019Italie, d\u2019Espagne, de France et de Belgique ; notre bouclerie d\u2019Italie ; nos cartons d\u2019exp\u00e9dition du Danemark ; nos stickers de Su\u00e8de ; \u2026<\/p>\n<\/div>\n\n\n\n<div class=\"wp-block-column is-layout-flow wp-block-column-is-layout-flow\"><div class=\"wp-block-image\">\n<figure class=\"aligncenter size-large\"><img loading=\"lazy\" decoding=\"async\" width=\"1024\" height=\"575\" src=\"https:\/\/whitecrowleather.com\/wp-content\/uploads\/2026\/04\/IMG_2500-1024x575.jpg\" alt=\"img 2500\" class=\"wp-image-3535\" style=\"aspect-ratio:4\/3;object-fit:cover\" srcset=\"https:\/\/whitecrowleather.com\/wp-content\/uploads\/2026\/04\/IMG_2500-1024x575.jpg 1024w, https:\/\/whitecrowleather.com\/wp-content\/uploads\/2026\/04\/IMG_2500-300x168.jpg 300w, https:\/\/whitecrowleather.com\/wp-content\/uploads\/2026\/04\/IMG_2500-150x84.jpg 150w, https:\/\/whitecrowleather.com\/wp-content\/uploads\/2026\/04\/IMG_2500-768x431.jpg 768w, https:\/\/whitecrowleather.com\/wp-content\/uploads\/2026\/04\/IMG_2500-1536x862.jpg 1536w, https:\/\/whitecrowleather.com\/wp-content\/uploads\/2026\/04\/IMG_2500-2048x1150.jpg 2048w, https:\/\/whitecrowleather.com\/wp-content\/uploads\/2026\/04\/IMG_2500-18x10.jpg 18w, https:\/\/whitecrowleather.com\/wp-content\/uploads\/2026\/04\/IMG_2500-800x450.jpg 800w, https:\/\/whitecrowleather.com\/wp-content\/uploads\/2026\/04\/IMG_2500-1320x741.jpg 1320w, https:\/\/whitecrowleather.com\/wp-content\/uploads\/2026\/04\/IMG_2500-600x337.jpg 600w\" sizes=\"auto, (max-width: 1024px) 100vw, 1024px\" \/><\/figure>\n<\/div>\n\n\n<div style=\"height:4px\" aria-hidden=\"true\" class=\"wp-block-spacer\"><\/div>\n\n\n\n<div class=\"wp-block-group\"><div class=\"wp-block-group__inner-container is-layout-flow wp-block-group-is-layout-flow\">\n<h3 class=\"wp-block-heading has-text-align-center is-service-name has-large-font-size\" style=\"font-style:normal;font-weight:700\">Love of RPGs<\/h3>\n<\/div><\/div>\n\n\n\n<p class=\"is-service-description has-medium-font-size\">Fantasy worlds are an inexhaustible source of inspiration, and we design each of our product lines with a specific role-playing game genre in mind. We offer a (very) free interpretation, in a serialized format where each accessory has its own set of rules, in sleek, aesthetically pleasing variations designed for intrepid minds. Whether you feel like a mage, a ranger, or a warrior, you can write your own adventure!<\/p>\n<\/div>\n\n\n\n<div class=\"wp-block-column is-layout-flow wp-block-column-is-layout-flow\"><div class=\"wp-block-image\">\n<figure class=\"aligncenter size-large\"><img loading=\"lazy\" decoding=\"async\" width=\"1024\" height=\"1024\" src=\"https:\/\/whitecrowleather.com\/wp-content\/uploads\/2026\/04\/Test-miniature-stickers-1024x1024.jpg\" alt=\"test miniature stickers\" class=\"wp-image-3532\" style=\"aspect-ratio:4\/3;object-fit:cover\" srcset=\"https:\/\/whitecrowleather.com\/wp-content\/uploads\/2026\/04\/Test-miniature-stickers-1024x1024.jpg 1024w, https:\/\/whitecrowleather.com\/wp-content\/uploads\/2026\/04\/Test-miniature-stickers-300x300.jpg 300w, https:\/\/whitecrowleather.com\/wp-content\/uploads\/2026\/04\/Test-miniature-stickers-150x150.jpg 150w, https:\/\/whitecrowleather.com\/wp-content\/uploads\/2026\/04\/Test-miniature-stickers-768x768.jpg 768w, https:\/\/whitecrowleather.com\/wp-content\/uploads\/2026\/04\/Test-miniature-stickers-1536x1536.jpg 1536w, https:\/\/whitecrowleather.com\/wp-content\/uploads\/2026\/04\/Test-miniature-stickers-12x12.jpg 12w, https:\/\/whitecrowleather.com\/wp-content\/uploads\/2026\/04\/Test-miniature-stickers-600x600.jpg 600w, https:\/\/whitecrowleather.com\/wp-content\/uploads\/2026\/04\/Test-miniature-stickers-1320x1320.jpg 1320w, https:\/\/whitecrowleather.com\/wp-content\/uploads\/2026\/04\/Test-miniature-stickers-100x100.jpg 100w, https:\/\/whitecrowleather.com\/wp-content\/uploads\/2026\/04\/Test-miniature-stickers.jpg 1843w\" sizes=\"auto, (max-width: 1024px) 100vw, 1024px\" \/><\/figure>\n<\/div>\n\n\n<div style=\"height:4px\" aria-hidden=\"true\" class=\"wp-block-spacer\"><\/div>\n\n\n\n<div class=\"wp-block-group\"><div class=\"wp-block-group__inner-container is-layout-flow wp-block-group-is-layout-flow\">\n<h3 class=\"wp-block-heading has-text-align-center is-service-name has-large-font-size\" style=\"font-style:normal;font-weight:700\">Goodini: goodies magic<\/h3>\n<\/div><\/div>\n\n\n\n<p class=\"is-service-description has-medium-font-size\">Nous aimons les goodies, nous esp\u00e9rons que vous aussi ! Chaque commande de bijou ou d\u2019accessoire s\u2019accompagne d\u2019un marque-page assorti selon la ou les gammes s\u00e9lectionn\u00e9es, au dos duquel vous pourrez d\u00e9couvrir un court texte \u00e0 l\u2019humour un brin d\u00e9cal\u00e9. D\u00e8s 50 \u20ac d\u2019achat, un sticker gratuit sera ajout\u00e9 \u00e0 votre colis. Et pass\u00e9s 100 \u20ac de commande, vous recevrez \u00e9galement un badge en cadeau. Avis \u00e0 toutes celles et ceux atteints de collectionnite aigu\u00eb : tous les goodies sont \u00e9galement disponibles individuellement en boutique.<\/p>\n<\/div>\n<\/div>\n\n\n\n<div style=\"height:calc( 0.25 * var(--wp--style--root--padding-right, var(--wp--custom--gap--horizontal)))\" aria-hidden=\"true\" class=\"wp-block-spacer\"><\/div>\n<\/div><\/div>","protected":false},"excerpt":{"rendered":"<p>D\u00e9couvrez nos concepts directeurs&#8230; De cuir et d&rsquo;acier Deux mat\u00e9riaux intemporels et durables. La noblesse satin\u00e9e du cuir noir v\u00e9ritable s\u2019allie avec la froideur brute et argent\u00e9e de l\u2019acier pour former un contraste saisissant. En limitant l\u2019\u00e9ventail des mat\u00e9riaux que nous travaillons, nous faisons le choix de nous concentrer sur la forme que nous leur [&hellip;]<\/p>\n","protected":false},"author":1,"featured_media":0,"parent":0,"menu_order":0,"comment_status":"closed","ping_status":"closed","template":"","meta":{"om_disable_all_campaigns":false,"_uag_custom_page_level_css":"","footnotes":""},"class_list":["post-2552","page","type-page","status-publish","hentry","entry","owp-thumbs-layout-vertical","owp-btn-normal","owp-tabs-layout-section","has-no-thumbnails"],"aioseo_notices":[],"_hostinger_reach_plugin_has_subscription_block":false,"_hostinger_reach_plugin_is_elementor":false,"uagb_featured_image_src":{"full":false,"thumbnail":false,"medium":false,"medium_large":false,"large":false,"1536x1536":false,"2048x2048":false,"trp-custom-language-flag":false,"ocean-thumb-m":false,"ocean-thumb-ml":false,"ocean-thumb-l":false,"mailpoet_newsletter_max":false,"woocommerce_thumbnail":false,"woocommerce_single":false,"woocommerce_gallery_thumbnail":false},"uagb_author_info":{"display_name":"whitecrowleather","author_link":"https:\/\/whitecrowleather.com\/en\/author\/whitecrowleathergmail-com\/"},"uagb_comment_info":0,"uagb_excerpt":"D\u00e9couvrez nos concepts directeurs&#8230; De cuir et d&rsquo;acier Deux mat\u00e9riaux intemporels et durables. La noblesse satin\u00e9e du cuir noir v\u00e9ritable s\u2019allie avec la froideur brute et argent\u00e9e de l\u2019acier pour former un contraste saisissant. En limitant l\u2019\u00e9ventail des mat\u00e9riaux que nous travaillons, nous faisons le choix de nous concentrer sur la forme que nous leur&hellip;","_links":{"self":[{"href":"https:\/\/whitecrowleather.com\/en\/wp-json\/wp\/v2\/pages\/2552","targetHints":{"allow":["GET"]}}],"collection":[{"href":"https:\/\/whitecrowleather.com\/en\/wp-json\/wp\/v2\/pages"}],"about":[{"href":"https:\/\/whitecrowleather.com\/en\/wp-json\/wp\/v2\/types\/page"}],"author":[{"embeddable":true,"href":"https:\/\/whitecrowleather.com\/en\/wp-json\/wp\/v2\/users\/1"}],"replies":[{"embeddable":true,"href":"https:\/\/whitecrowleather.com\/en\/wp-json\/wp\/v2\/comments?post=2552"}],"version-history":[{"count":27,"href":"https:\/\/whitecrowleather.com\/en\/wp-json\/wp\/v2\/pages\/2552\/revisions"}],"predecessor-version":[{"id":3683,"href":"https:\/\/whitecrowleather.com\/en\/wp-json\/wp\/v2\/pages\/2552\/revisions\/3683"}],"wp:attachment":[{"href":"https:\/\/whitecrowleather.com\/en\/wp-json\/wp\/v2\/media?parent=2552"}],"curies":[{"name":"wp","href":"https:\/\/api.w.org\/{rel}","templated":true}]}}