{"id":2545,"date":"2026-03-18T16:38:40","date_gmt":"2026-03-18T16:38:40","guid":{"rendered":"https:\/\/whitecrowleather.com\/contact-2\/"},"modified":"2026-04-04T08:57:26","modified_gmt":"2026-04-04T08:57:26","slug":"contact-2","status":"publish","type":"page","link":"https:\/\/whitecrowleather.com\/en\/contact-2\/","title":{"rendered":"Contact"},"content":{"rendered":"<p class=\"has-text-align-center has-medium-font-size\">A question? A comment? Contact us here!<\/p>\n\n\n\n<div class=\"wp-block-uagb-forms uagb-forms__outer-wrap uagb-block-57a715dc uagb-forms__medium-btn\"><form class=\"uagb-forms-main-form\" method=\"post\" autocomplete=\"on\" name=\"uagb-form-57a715dc\" action=\"\">\n<div class=\"wp-block-uagb-forms-name uagb-forms-name-wrap uagb-forms-field-set uagb-block-3c714210\"><div class=\"uagb-forms-name-label required uagb-forms-input-label\" id=\"3c714210\">First Name<\/div><input type=\"text\" placeholder=\"John\" required class=\"uagb-forms-name-input uagb-forms-input\" name=\"3c714210\" autocomplete=\"given-name\"\/><\/div>\n\n\n\n<div class=\"wp-block-uagb-forms-name uagb-forms-name-wrap uagb-forms-field-set uagb-block-738c5282\"><div class=\"uagb-forms-name-label required uagb-forms-input-label\" id=\"738c5282\">Surname<\/div><input type=\"text\" placeholder=\"Doe\" required class=\"uagb-forms-name-input uagb-forms-input\" name=\"738c5282\" autocomplete=\"family-name\"\/><\/div>\n\n\n\n<div class=\"wp-block-uagb-forms-email uagb-forms-email-wrap uagb-forms-field-set uagb-block-50fc4564\"><div class=\"uagb-forms-email-label required uagb-forms-input-label\" id=\"50fc4564\">Email<\/div><input type=\"email\" class=\"uagb-forms-email-input uagb-forms-input\" placeholder=\"example@mail.com\" required name=\"50fc4564\" autocomplete=\"email\"\/><\/div>\n\n\n\n<div class=\"wp-block-uagb-forms-textarea uagb-forms-textarea-wrap uagb-forms-field-set uagb-block-a8448ba3\"><div class=\"uagb-forms-textarea-label required uagb-forms-input-label\" id=\"a8448ba3\">Message<\/div><textarea required class=\"uagb-forms-textarea-input uagb-forms-input\" rows=\"4\" placeholder=\"Enter your message\" name=\"a8448ba3\" autocomplete=\"off\"><\/textarea><\/div>\n<div class=\"uagb-forms-form-hidden-data\"><input type=\"hidden\" id=\"g-recaptcha-response\" class=\"uagb-forms-recaptcha\"\/><input type=\"hidden\" class=\"uagb_forms_form_label\" value=\"Spectra Form\"\/><input type=\"hidden\" class=\"uagb_forms_form_id\" value=\"uagb-form-57a715dc\"\/><\/div><div class=\"g-recaptcha uagb-forms-field-set\" data-sitekey=\"\"><\/div><div class=\"uagb-form-reacaptcha-error-57a715dc\"><\/div><div class=\"uagb-forms-main-submit-button-wrap wp-block-button\"><button class=\"uagb-forms-main-submit-button wp-block-button__link\"><div class=\"uagb-forms-main-submit-button-text\">Submit<\/div><\/button><\/div><input type=\"hidden\" name=\"trp-form-language\" value=\"en\"\/><\/form><div class=\"uagb-forms-success-message-57a715dc uagb-forms-submit-message-hide\"><span>Votre message a bien \u00e9t\u00e9 envoy\u00e9 ! Nous vous r\u00e9pondrons dans les meilleurs d\u00e9lais.<\/span><\/div><div class=\"uagb-forms-failed-message-57a715dc uagb-forms-submit-message-hide\"><span>Il semble qu&rsquo;il y ait une erreur avec votre message, merci de v\u00e9rifier.<\/span><\/div><\/div>","protected":false},"excerpt":{"rendered":"<p>A question? A comment? Contact us here!<\/p>","protected":false},"author":1,"featured_media":0,"parent":0,"menu_order":0,"comment_status":"closed","ping_status":"closed","template":"","meta":{"om_disable_all_campaigns":false,"_uag_custom_page_level_css":"","footnotes":""},"class_list":["post-2545","page","type-page","status-publish","hentry","entry","owp-thumbs-layout-vertical","owp-btn-normal","owp-tabs-layout-section","has-no-thumbnails"],"aioseo_notices":[],"_hostinger_reach_plugin_has_subscription_block":false,"_hostinger_reach_plugin_is_elementor":false,"uagb_featured_image_src":{"full":false,"thumbnail":false,"medium":false,"medium_large":false,"large":false,"1536x1536":false,"2048x2048":false,"trp-custom-language-flag":false,"ocean-thumb-m":false,"ocean-thumb-ml":false,"ocean-thumb-l":false,"mailpoet_newsletter_max":false,"woocommerce_thumbnail":false,"woocommerce_single":false,"woocommerce_gallery_thumbnail":false},"uagb_author_info":{"display_name":"whitecrowleather","author_link":"https:\/\/whitecrowleather.com\/en\/author\/whitecrowleathergmail-com\/"},"uagb_comment_info":0,"uagb_excerpt":"Une question ? Une remarque ? C&rsquo;est par ici pour nous contacter !","_links":{"self":[{"href":"https:\/\/whitecrowleather.com\/en\/wp-json\/wp\/v2\/pages\/2545","targetHints":{"allow":["GET"]}}],"collection":[{"href":"https:\/\/whitecrowleather.com\/en\/wp-json\/wp\/v2\/pages"}],"about":[{"href":"https:\/\/whitecrowleather.com\/en\/wp-json\/wp\/v2\/types\/page"}],"author":[{"embeddable":true,"href":"https:\/\/whitecrowleather.com\/en\/wp-json\/wp\/v2\/users\/1"}],"replies":[{"embeddable":true,"href":"https:\/\/whitecrowleather.com\/en\/wp-json\/wp\/v2\/comments?post=2545"}],"version-history":[{"count":6,"href":"https:\/\/whitecrowleather.com\/en\/wp-json\/wp\/v2\/pages\/2545\/revisions"}],"predecessor-version":[{"id":2969,"href":"https:\/\/whitecrowleather.com\/en\/wp-json\/wp\/v2\/pages\/2545\/revisions\/2969"}],"wp:attachment":[{"href":"https:\/\/whitecrowleather.com\/en\/wp-json\/wp\/v2\/media?parent=2545"}],"curies":[{"name":"wp","href":"https:\/\/api.w.org\/{rel}","templated":true}]}}